{"id":1157,"date":"2025-12-06T19:06:07","date_gmt":"2025-12-06T18:06:07","guid":{"rendered":"https:\/\/edinoa.hr\/?post_type=product&#038;p=1157"},"modified":"2026-02-24T09:00:01","modified_gmt":"2026-02-24T08:00:01","slug":"rukavica-za-piling","status":"publish","type":"product","link":"https:\/\/edinoa.hr\/index.php\/product\/rukavica-za-piling\/","title":{"rendered":"Rukavica za piling"},"content":{"rendered":"<p style=\"font-family: Open Sans; color: #a47c6c;\">Ova rukavica za piling tijela napravljena od prirodnih biljnih vlakna ostavlja ko\u017eu glatkom i sjajnom. U\u010dinkovito uklanja mrtve stanice s povr\u0161ine ko\u017ee. Idealno za suhu ko\u017eu, urasle dla\u010dice, pripremu ko\u017ee za depilaciju ili spray tan.<\/p>\n<p style=\"font-family: Open Sans; color: #a47c6c;\">Na\u010din upotrebe: Koristiti tijekom tu\u0161iranja. Gel za tu\u0161iranje nanijeti na rukavicu ili direktno na ko\u017eu. Zatim kru\u017enim pokretima raditi piling po cijelom tijelu nekoliko minuta kako bi se uspje\u0161no uklonile mrtve stanice s povr\u0161ine ko\u017ee. U\u010destalost: normalna ko\u017ea 2-3 x tjedno, osjetljiva ko\u017ea 1 x tjedno<\/p>\n<p style=\"font-family: Open Sans; color: #a47c6c;\">Napomena: nije namijenjeno za lice<\/p>\n<p style=\"font-family: Open Sans; color: #a47c6c;\">Materijal: 100% viskoza<\/p>\n<p style=\"font-family: Open Sans; color: #a47c6c;\">Odr\u017eavanje: Rukavica se brzo su\u0161i na zraku, pogodno za gla\u010danje i pranje u perilici rublja na 40<strong class=\"Yjhzub\" data-processed=\"true\">\u00b0<\/strong><\/p>\n<p style=\"font-family: Open Sans; color: #a47c6c;\">Zahvaljuju\u0107i jednostavnom odr\u017eavanju i upotrebi prirodnih materijala, na\u0161a rukavica je dugotrajna i otporna na o\u0161te\u0107enja vlakana te pru\u017ea vi\u0161u razinu higijene, smanjenjem rizika od razvoja gljivica i bakterija<\/p>\n<p style=\"font-family: Open Sans; color: #a47c6c;\">Eco friendly<\/p>\n","protected":false},"excerpt":{"rendered":"<p>Ova rukavica za piling tijela napravljena od prirodnih biljnih vlakna ostavlja ko\u017eu glatkom i sjajnom. U\u010dinkovito uklanja mrtve stanice s povr\u0161ine ko\u017ee. Idealno za suhu ko\u017eu, urasle dla\u010dice, pripremu ko\u017ee za depilaciju ili spray tan. Na\u010din upotrebe: Koristiti tijekom tu\u0161iranja. Gel za tu\u0161iranje nanijeti na rukavicu ili direktno na ko\u017eu. Zatim kru\u017enim pokretima raditi piling [&hellip;]<\/p>\n","protected":false},"featured_media":1159,"comment_status":"open","ping_status":"closed","template":"","meta":[],"product_brand":[],"product_cat":[16,34],"product_tag":[],"class_list":{"0":"post-1157","1":"product","2":"type-product","3":"status-publish","4":"has-post-thumbnail","6":"product_cat-uncategorized","7":"product_cat-secerna-pasta","9":"first","10":"instock","11":"shipping-taxable","12":"purchasable","13":"product-type-simple"},"yoast_head":"<!-- This site is optimized with the Yoast SEO plugin v26.5 - https:\/\/yoast.com\/wordpress\/plugins\/seo\/ -->\n<title>Rukavica za piling - EDINOA<\/title>\n<meta name=\"description\" content=\"Ova rukavica za piling tijela napravljena od prirodnih biljnih vlakna ostavlja ko\u017eu glatkom isjajnom. U\u010dinkovito uklanja mrtve stanice s povr\u0161ine ko\u017ee. Idealno za suhu ko\u017eu, urasledla\u010dice, pripremu ko\u017ee za depilaciju ili spray tan.\" \/>\n<meta name=\"robots\" content=\"index, follow, max-snippet:-1, max-image-preview:large, max-video-preview:-1\" \/>\n<link rel=\"canonical\" href=\"https:\/\/edinoa.hr\/index.php\/product\/rukavica-za-piling\/\" \/>\n<meta property=\"og:locale\" content=\"hr_HR\" \/>\n<meta property=\"og:type\" content=\"article\" \/>\n<meta property=\"og:title\" content=\"Rukavica za piling - EDINOA\" \/>\n<meta property=\"og:description\" content=\"Ova rukavica za piling tijela napravljena od prirodnih biljnih vlakna ostavlja ko\u017eu glatkom isjajnom. U\u010dinkovito uklanja mrtve stanice s povr\u0161ine ko\u017ee. Idealno za suhu ko\u017eu, urasledla\u010dice, pripremu ko\u017ee za depilaciju ili spray tan.\" \/>\n<meta property=\"og:url\" content=\"https:\/\/edinoa.hr\/index.php\/product\/rukavica-za-piling\/\" \/>\n<meta property=\"og:site_name\" content=\"EDINOA\" \/>\n<meta property=\"article:modified_time\" content=\"2026-02-24T08:00:01+00:00\" \/>\n<meta property=\"og:image\" content=\"https:\/\/edinoa.hr\/wp-content\/uploads\/2025\/12\/ruk1.jpeg\" \/>\n\t<meta property=\"og:image:width\" content=\"1600\" \/>\n\t<meta property=\"og:image:height\" content=\"1600\" \/>\n\t<meta property=\"og:image:type\" content=\"image\/jpeg\" \/>\n<meta name=\"twitter:card\" content=\"summary_large_image\" \/>\n<meta name=\"twitter:label1\" content=\"Procijenjeno vrijeme \u010ditanja\" \/>\n\t<meta name=\"twitter:data1\" content=\"1 minuta\" \/>\n<script type=\"application\/ld+json\" class=\"yoast-schema-graph\">{\"@context\":\"https:\/\/schema.org\",\"@graph\":[{\"@type\":\"WebPage\",\"@id\":\"https:\/\/edinoa.hr\/index.php\/product\/rukavica-za-piling\/\",\"url\":\"https:\/\/edinoa.hr\/index.php\/product\/rukavica-za-piling\/\",\"name\":\"Rukavica za piling - EDINOA\",\"isPartOf\":{\"@id\":\"https:\/\/edinoa.hr\/#website\"},\"primaryImageOfPage\":{\"@id\":\"https:\/\/edinoa.hr\/index.php\/product\/rukavica-za-piling\/#primaryimage\"},\"image\":{\"@id\":\"https:\/\/edinoa.hr\/index.php\/product\/rukavica-za-piling\/#primaryimage\"},\"thumbnailUrl\":\"https:\/\/edinoa.hr\/wp-content\/uploads\/2025\/12\/ruk1.jpeg\",\"datePublished\":\"2025-12-06T18:06:07+00:00\",\"dateModified\":\"2026-02-24T08:00:01+00:00\",\"description\":\"Ova rukavica za piling tijela napravljena od prirodnih biljnih vlakna ostavlja ko\u017eu glatkom isjajnom. U\u010dinkovito uklanja mrtve stanice s povr\u0161ine ko\u017ee. Idealno za suhu ko\u017eu, urasledla\u010dice, pripremu ko\u017ee za depilaciju ili spray tan.\",\"breadcrumb\":{\"@id\":\"https:\/\/edinoa.hr\/index.php\/product\/rukavica-za-piling\/#breadcrumb\"},\"inLanguage\":\"hr\",\"potentialAction\":[{\"@type\":\"ReadAction\",\"target\":[\"https:\/\/edinoa.hr\/index.php\/product\/rukavica-za-piling\/\"]}]},{\"@type\":\"ImageObject\",\"inLanguage\":\"hr\",\"@id\":\"https:\/\/edinoa.hr\/index.php\/product\/rukavica-za-piling\/#primaryimage\",\"url\":\"https:\/\/edinoa.hr\/wp-content\/uploads\/2025\/12\/ruk1.jpeg\",\"contentUrl\":\"https:\/\/edinoa.hr\/wp-content\/uploads\/2025\/12\/ruk1.jpeg\",\"width\":1600,\"height\":1600},{\"@type\":\"BreadcrumbList\",\"@id\":\"https:\/\/edinoa.hr\/index.php\/product\/rukavica-za-piling\/#breadcrumb\",\"itemListElement\":[{\"@type\":\"ListItem\",\"position\":1,\"name\":\"Home\",\"item\":\"https:\/\/edinoa.hr\/\"},{\"@type\":\"ListItem\",\"position\":2,\"name\":\"WEB SHOP\",\"item\":\"https:\/\/edinoa.hr\/index.php\/web-shop\/\"},{\"@type\":\"ListItem\",\"position\":3,\"name\":\"Rukavica za piling\"}]},{\"@type\":\"WebSite\",\"@id\":\"https:\/\/edinoa.hr\/#website\",\"url\":\"https:\/\/edinoa.hr\/\",\"name\":\"EDINOA\",\"description\":\"Salon za depilaciju i edukaciju\",\"publisher\":{\"@id\":\"https:\/\/edinoa.hr\/#organization\"},\"potentialAction\":[{\"@type\":\"SearchAction\",\"target\":{\"@type\":\"EntryPoint\",\"urlTemplate\":\"https:\/\/edinoa.hr\/?s={search_term_string}\"},\"query-input\":{\"@type\":\"PropertyValueSpecification\",\"valueRequired\":true,\"valueName\":\"search_term_string\"}}],\"inLanguage\":\"hr\"},{\"@type\":\"Organization\",\"@id\":\"https:\/\/edinoa.hr\/#organization\",\"name\":\"EDINOA\",\"url\":\"https:\/\/edinoa.hr\/\",\"logo\":{\"@type\":\"ImageObject\",\"inLanguage\":\"hr\",\"@id\":\"https:\/\/edinoa.hr\/#\/schema\/logo\/image\/\",\"url\":\"https:\/\/edinoa.hr\/wp-content\/uploads\/2024\/03\/LOGO_pages-to-jpg-0001-1.jpg\",\"contentUrl\":\"https:\/\/edinoa.hr\/wp-content\/uploads\/2024\/03\/LOGO_pages-to-jpg-0001-1.jpg\",\"width\":782,\"height\":782,\"caption\":\"EDINOA\"},\"image\":{\"@id\":\"https:\/\/edinoa.hr\/#\/schema\/logo\/image\/\"}}]}<\/script>\n<!-- \/ Yoast SEO plugin. -->","yoast_head_json":{"title":"Rukavica za piling - EDINOA","description":"Ova rukavica za piling tijela napravljena od prirodnih biljnih vlakna ostavlja ko\u017eu glatkom isjajnom. U\u010dinkovito uklanja mrtve stanice s povr\u0161ine ko\u017ee. Idealno za suhu ko\u017eu, urasledla\u010dice, pripremu ko\u017ee za depilaciju ili spray tan.","robots":{"index":"index","follow":"follow","max-snippet":"max-snippet:-1","max-image-preview":"max-image-preview:large","max-video-preview":"max-video-preview:-1"},"canonical":"https:\/\/edinoa.hr\/index.php\/product\/rukavica-za-piling\/","og_locale":"hr_HR","og_type":"article","og_title":"Rukavica za piling - EDINOA","og_description":"Ova rukavica za piling tijela napravljena od prirodnih biljnih vlakna ostavlja ko\u017eu glatkom isjajnom. U\u010dinkovito uklanja mrtve stanice s povr\u0161ine ko\u017ee. Idealno za suhu ko\u017eu, urasledla\u010dice, pripremu ko\u017ee za depilaciju ili spray tan.","og_url":"https:\/\/edinoa.hr\/index.php\/product\/rukavica-za-piling\/","og_site_name":"EDINOA","article_modified_time":"2026-02-24T08:00:01+00:00","og_image":[{"width":1600,"height":1600,"url":"https:\/\/edinoa.hr\/wp-content\/uploads\/2025\/12\/ruk1.jpeg","type":"image\/jpeg"}],"twitter_card":"summary_large_image","twitter_misc":{"Procijenjeno vrijeme \u010ditanja":"1 minuta"},"schema":{"@context":"https:\/\/schema.org","@graph":[{"@type":"WebPage","@id":"https:\/\/edinoa.hr\/index.php\/product\/rukavica-za-piling\/","url":"https:\/\/edinoa.hr\/index.php\/product\/rukavica-za-piling\/","name":"Rukavica za piling - EDINOA","isPartOf":{"@id":"https:\/\/edinoa.hr\/#website"},"primaryImageOfPage":{"@id":"https:\/\/edinoa.hr\/index.php\/product\/rukavica-za-piling\/#primaryimage"},"image":{"@id":"https:\/\/edinoa.hr\/index.php\/product\/rukavica-za-piling\/#primaryimage"},"thumbnailUrl":"https:\/\/edinoa.hr\/wp-content\/uploads\/2025\/12\/ruk1.jpeg","datePublished":"2025-12-06T18:06:07+00:00","dateModified":"2026-02-24T08:00:01+00:00","description":"Ova rukavica za piling tijela napravljena od prirodnih biljnih vlakna ostavlja ko\u017eu glatkom isjajnom. U\u010dinkovito uklanja mrtve stanice s povr\u0161ine ko\u017ee. Idealno za suhu ko\u017eu, urasledla\u010dice, pripremu ko\u017ee za depilaciju ili spray tan.","breadcrumb":{"@id":"https:\/\/edinoa.hr\/index.php\/product\/rukavica-za-piling\/#breadcrumb"},"inLanguage":"hr","potentialAction":[{"@type":"ReadAction","target":["https:\/\/edinoa.hr\/index.php\/product\/rukavica-za-piling\/"]}]},{"@type":"ImageObject","inLanguage":"hr","@id":"https:\/\/edinoa.hr\/index.php\/product\/rukavica-za-piling\/#primaryimage","url":"https:\/\/edinoa.hr\/wp-content\/uploads\/2025\/12\/ruk1.jpeg","contentUrl":"https:\/\/edinoa.hr\/wp-content\/uploads\/2025\/12\/ruk1.jpeg","width":1600,"height":1600},{"@type":"BreadcrumbList","@id":"https:\/\/edinoa.hr\/index.php\/product\/rukavica-za-piling\/#breadcrumb","itemListElement":[{"@type":"ListItem","position":1,"name":"Home","item":"https:\/\/edinoa.hr\/"},{"@type":"ListItem","position":2,"name":"WEB SHOP","item":"https:\/\/edinoa.hr\/index.php\/web-shop\/"},{"@type":"ListItem","position":3,"name":"Rukavica za piling"}]},{"@type":"WebSite","@id":"https:\/\/edinoa.hr\/#website","url":"https:\/\/edinoa.hr\/","name":"EDINOA","description":"Salon za depilaciju i edukaciju","publisher":{"@id":"https:\/\/edinoa.hr\/#organization"},"potentialAction":[{"@type":"SearchAction","target":{"@type":"EntryPoint","urlTemplate":"https:\/\/edinoa.hr\/?s={search_term_string}"},"query-input":{"@type":"PropertyValueSpecification","valueRequired":true,"valueName":"search_term_string"}}],"inLanguage":"hr"},{"@type":"Organization","@id":"https:\/\/edinoa.hr\/#organization","name":"EDINOA","url":"https:\/\/edinoa.hr\/","logo":{"@type":"ImageObject","inLanguage":"hr","@id":"https:\/\/edinoa.hr\/#\/schema\/logo\/image\/","url":"https:\/\/edinoa.hr\/wp-content\/uploads\/2024\/03\/LOGO_pages-to-jpg-0001-1.jpg","contentUrl":"https:\/\/edinoa.hr\/wp-content\/uploads\/2024\/03\/LOGO_pages-to-jpg-0001-1.jpg","width":782,"height":782,"caption":"EDINOA"},"image":{"@id":"https:\/\/edinoa.hr\/#\/schema\/logo\/image\/"}}]}},"_links":{"self":[{"href":"https:\/\/edinoa.hr\/index.php\/wp-json\/wp\/v2\/product\/1157","targetHints":{"allow":["GET"]}}],"collection":[{"href":"https:\/\/edinoa.hr\/index.php\/wp-json\/wp\/v2\/product"}],"about":[{"href":"https:\/\/edinoa.hr\/index.php\/wp-json\/wp\/v2\/types\/product"}],"replies":[{"embeddable":true,"href":"https:\/\/edinoa.hr\/index.php\/wp-json\/wp\/v2\/comments?post=1157"}],"wp:featuredmedia":[{"embeddable":true,"href":"https:\/\/edinoa.hr\/index.php\/wp-json\/wp\/v2\/media\/1159"}],"wp:attachment":[{"href":"https:\/\/edinoa.hr\/index.php\/wp-json\/wp\/v2\/media?parent=1157"}],"wp:term":[{"taxonomy":"product_brand","embeddable":true,"href":"https:\/\/edinoa.hr\/index.php\/wp-json\/wp\/v2\/product_brand?post=1157"},{"taxonomy":"product_cat","embeddable":true,"href":"https:\/\/edinoa.hr\/index.php\/wp-json\/wp\/v2\/product_cat?post=1157"},{"taxonomy":"product_tag","embeddable":true,"href":"https:\/\/edinoa.hr\/index.php\/wp-json\/wp\/v2\/product_tag?post=1157"}],"curies":[{"name":"wp","href":"https:\/\/api.w.org\/{rel}","templated":true}]}}