{"id":1129,"date":"2025-12-06T17:59:49","date_gmt":"2025-12-06T16:59:49","guid":{"rendered":"https:\/\/edinoa.hr\/?post_type=product&#038;p=1129"},"modified":"2026-03-15T09:10:22","modified_gmt":"2026-03-15T08:10:22","slug":"secerna-pasta-soft","status":"publish","type":"product","link":"https:\/\/edinoa.hr\/index.php\/product\/secerna-pasta-soft\/","title":{"rendered":"\u0160e\u0107erna pasta SOFT"},"content":{"rendered":"<p style=\"font-family: Open Sans; color: #a47c6c;\">\u0160e\u0107erna pasta za depilaciju zahvaljuju\u0107i svojoj nje\u017enoj, ali u\u010dinkovitoj formuli, idealna je za sve tipove ko\u017ee. Pasta uklanja dla\u010dice iz korijena u smjeru njihova rasta, \u010dime se smanjuje mogu\u0107nost urastanja i iritacija. Ko\u017ea ostaje glatka i mekana, a redovitom upotrebom dla\u010dice postaju tanje i rje\u0111e.<\/p>\n<p style=\"font-family: Open Sans; color: #a47c6c;\">SOFT \u0161e\u0107erna pasta za depilaciju je mek\u0161e teksture. Naro\u010dito preporu\u010dena za one koji ve\u0107 imaju iskustva sa upotrebom \u0161e\u0107erne paste, tijekom zime, te za velike zone kao \u0161to su noge i ruke.<\/p>\n<p style=\"font-family: Open Sans; color: #a47c6c;\">Na\u010din upotrebe: O\u010distiti i dje\u010djim puderom osu\u0161iti dio tijela na kojemu \u0107e se raditi depilacija. Izvaditi odgovaraju\u0107u koli\u010dinu paste, nje\u017eno nanijeti na \u017eeljeni dio tijela u suprotnom smjeru rasta dla\u010dica i brzim pokretom povu\u0107i pastu u smjeru rasta dla\u010dica.<\/p>\n<p style=\"font-family: Open Sans; color: #a47c6c;\">Sastav: Sucrose, Aqua, Citric Acid<\/p>\n<p style=\"font-family: Open Sans; color: #a47c6c;\">Rok trajanja: 24 mjeseca od otvaranja<\/p>\n<p style=\"font-family: Open Sans; color: #a47c6c;\">\u010cuvati na sobnoj temperaturi, na suhom i tamnom mjestu.<\/p>\n<p style=\"font-family: Open Sans; color: #a47c6c;\">5+1 GRATIS (mogu\u0107a kombinacija vi\u0161e vrsta \u0161e\u0107erne paste za kori\u0161tenje ove promocije, ozna\u010diti u napomeni prilikom odjave u ko\u0161arici).<\/p>\n","protected":false},"excerpt":{"rendered":"<p>\u0160e\u0107erna pasta za depilaciju zahvaljuju\u0107i svojoj nje\u017enoj, ali u\u010dinkovitoj formuli, idealna je za sve tipove ko\u017ee. Pasta uklanja dla\u010dice iz korijena u smjeru njihova rasta, \u010dime se smanjuje mogu\u0107nost urastanja i iritacija. Ko\u017ea ostaje glatka i mekana, a redovitom upotrebom dla\u010dice postaju tanje i rje\u0111e. SOFT \u0161e\u0107erna pasta za depilaciju je mek\u0161e teksture. Naro\u010dito preporu\u010dena [&hellip;]<\/p>\n","protected":false},"featured_media":1134,"comment_status":"open","ping_status":"closed","template":"","meta":[],"product_brand":[],"product_cat":[16,34],"product_tag":[],"class_list":{"0":"post-1129","1":"product","2":"type-product","3":"status-publish","4":"has-post-thumbnail","6":"product_cat-uncategorized","7":"product_cat-secerna-pasta","9":"first","10":"instock","11":"shipping-taxable","12":"purchasable","13":"product-type-variable"},"yoast_head":"<!-- This site is optimized with the Yoast SEO plugin v26.5 - https:\/\/yoast.com\/wordpress\/plugins\/seo\/ -->\n<title>\u0160e\u0107erna pasta SOFT - EDINOA<\/title>\n<meta name=\"description\" content=\"\u0160e\u0107erna pasta za depilaciju zahvaljuju\u0107i svojoj nje\u017enoj, ali u\u010dinkovitojformuli, idealna je za sve tipove ko\u017ee. Pasta uklanja dla\u010dice iz korijena u smjeru njihovarasta, \u010dime se smanjuje mogu\u0107nost urastanja i iritacija.\" \/>\n<meta name=\"robots\" content=\"index, follow, max-snippet:-1, max-image-preview:large, max-video-preview:-1\" \/>\n<link rel=\"canonical\" href=\"https:\/\/edinoa.hr\/index.php\/product\/secerna-pasta-soft\/\" \/>\n<meta property=\"og:locale\" content=\"hr_HR\" \/>\n<meta property=\"og:type\" content=\"article\" \/>\n<meta property=\"og:title\" content=\"\u0160e\u0107erna pasta SOFT - EDINOA\" \/>\n<meta property=\"og:description\" content=\"\u0160e\u0107erna pasta za depilaciju zahvaljuju\u0107i svojoj nje\u017enoj, ali u\u010dinkovitojformuli, idealna je za sve tipove ko\u017ee. Pasta uklanja dla\u010dice iz korijena u smjeru njihovarasta, \u010dime se smanjuje mogu\u0107nost urastanja i iritacija.\" \/>\n<meta property=\"og:url\" content=\"https:\/\/edinoa.hr\/index.php\/product\/secerna-pasta-soft\/\" \/>\n<meta property=\"og:site_name\" content=\"EDINOA\" \/>\n<meta property=\"article:modified_time\" content=\"2026-03-15T08:10:22+00:00\" \/>\n<meta property=\"og:image\" content=\"https:\/\/edinoa.hr\/wp-content\/uploads\/2025\/12\/soft2.jpeg\" \/>\n\t<meta property=\"og:image:width\" content=\"1362\" \/>\n\t<meta property=\"og:image:height\" content=\"2048\" \/>\n\t<meta property=\"og:image:type\" content=\"image\/jpeg\" \/>\n<meta name=\"twitter:card\" content=\"summary_large_image\" \/>\n<meta name=\"twitter:label1\" content=\"Procijenjeno vrijeme \u010ditanja\" \/>\n\t<meta name=\"twitter:data1\" content=\"2 minute\" \/>\n<script type=\"application\/ld+json\" class=\"yoast-schema-graph\">{\"@context\":\"https:\/\/schema.org\",\"@graph\":[{\"@type\":\"WebPage\",\"@id\":\"https:\/\/edinoa.hr\/index.php\/product\/secerna-pasta-soft\/\",\"url\":\"https:\/\/edinoa.hr\/index.php\/product\/secerna-pasta-soft\/\",\"name\":\"\u0160e\u0107erna pasta SOFT - EDINOA\",\"isPartOf\":{\"@id\":\"https:\/\/edinoa.hr\/#website\"},\"primaryImageOfPage\":{\"@id\":\"https:\/\/edinoa.hr\/index.php\/product\/secerna-pasta-soft\/#primaryimage\"},\"image\":{\"@id\":\"https:\/\/edinoa.hr\/index.php\/product\/secerna-pasta-soft\/#primaryimage\"},\"thumbnailUrl\":\"https:\/\/edinoa.hr\/wp-content\/uploads\/2025\/12\/soft2.jpeg\",\"datePublished\":\"2025-12-06T16:59:49+00:00\",\"dateModified\":\"2026-03-15T08:10:22+00:00\",\"description\":\"\u0160e\u0107erna pasta za depilaciju zahvaljuju\u0107i svojoj nje\u017enoj, ali u\u010dinkovitojformuli, idealna je za sve tipove ko\u017ee. Pasta uklanja dla\u010dice iz korijena u smjeru njihovarasta, \u010dime se smanjuje mogu\u0107nost urastanja i iritacija.\",\"breadcrumb\":{\"@id\":\"https:\/\/edinoa.hr\/index.php\/product\/secerna-pasta-soft\/#breadcrumb\"},\"inLanguage\":\"hr\",\"potentialAction\":[{\"@type\":\"ReadAction\",\"target\":[\"https:\/\/edinoa.hr\/index.php\/product\/secerna-pasta-soft\/\"]}]},{\"@type\":\"ImageObject\",\"inLanguage\":\"hr\",\"@id\":\"https:\/\/edinoa.hr\/index.php\/product\/secerna-pasta-soft\/#primaryimage\",\"url\":\"https:\/\/edinoa.hr\/wp-content\/uploads\/2025\/12\/soft2.jpeg\",\"contentUrl\":\"https:\/\/edinoa.hr\/wp-content\/uploads\/2025\/12\/soft2.jpeg\",\"width\":1362,\"height\":2048},{\"@type\":\"BreadcrumbList\",\"@id\":\"https:\/\/edinoa.hr\/index.php\/product\/secerna-pasta-soft\/#breadcrumb\",\"itemListElement\":[{\"@type\":\"ListItem\",\"position\":1,\"name\":\"Home\",\"item\":\"https:\/\/edinoa.hr\/\"},{\"@type\":\"ListItem\",\"position\":2,\"name\":\"WEB SHOP\",\"item\":\"https:\/\/edinoa.hr\/index.php\/web-shop\/\"},{\"@type\":\"ListItem\",\"position\":3,\"name\":\"\u0160e\u0107erna pasta SOFT\"}]},{\"@type\":\"WebSite\",\"@id\":\"https:\/\/edinoa.hr\/#website\",\"url\":\"https:\/\/edinoa.hr\/\",\"name\":\"EDINOA\",\"description\":\"Salon za depilaciju i edukaciju\",\"publisher\":{\"@id\":\"https:\/\/edinoa.hr\/#organization\"},\"potentialAction\":[{\"@type\":\"SearchAction\",\"target\":{\"@type\":\"EntryPoint\",\"urlTemplate\":\"https:\/\/edinoa.hr\/?s={search_term_string}\"},\"query-input\":{\"@type\":\"PropertyValueSpecification\",\"valueRequired\":true,\"valueName\":\"search_term_string\"}}],\"inLanguage\":\"hr\"},{\"@type\":\"Organization\",\"@id\":\"https:\/\/edinoa.hr\/#organization\",\"name\":\"EDINOA\",\"url\":\"https:\/\/edinoa.hr\/\",\"logo\":{\"@type\":\"ImageObject\",\"inLanguage\":\"hr\",\"@id\":\"https:\/\/edinoa.hr\/#\/schema\/logo\/image\/\",\"url\":\"https:\/\/edinoa.hr\/wp-content\/uploads\/2024\/03\/LOGO_pages-to-jpg-0001-1.jpg\",\"contentUrl\":\"https:\/\/edinoa.hr\/wp-content\/uploads\/2024\/03\/LOGO_pages-to-jpg-0001-1.jpg\",\"width\":782,\"height\":782,\"caption\":\"EDINOA\"},\"image\":{\"@id\":\"https:\/\/edinoa.hr\/#\/schema\/logo\/image\/\"}}]}<\/script>\n<!-- \/ Yoast SEO plugin. -->","yoast_head_json":{"title":"\u0160e\u0107erna pasta SOFT - EDINOA","description":"\u0160e\u0107erna pasta za depilaciju zahvaljuju\u0107i svojoj nje\u017enoj, ali u\u010dinkovitojformuli, idealna je za sve tipove ko\u017ee. Pasta uklanja dla\u010dice iz korijena u smjeru njihovarasta, \u010dime se smanjuje mogu\u0107nost urastanja i iritacija.","robots":{"index":"index","follow":"follow","max-snippet":"max-snippet:-1","max-image-preview":"max-image-preview:large","max-video-preview":"max-video-preview:-1"},"canonical":"https:\/\/edinoa.hr\/index.php\/product\/secerna-pasta-soft\/","og_locale":"hr_HR","og_type":"article","og_title":"\u0160e\u0107erna pasta SOFT - EDINOA","og_description":"\u0160e\u0107erna pasta za depilaciju zahvaljuju\u0107i svojoj nje\u017enoj, ali u\u010dinkovitojformuli, idealna je za sve tipove ko\u017ee. Pasta uklanja dla\u010dice iz korijena u smjeru njihovarasta, \u010dime se smanjuje mogu\u0107nost urastanja i iritacija.","og_url":"https:\/\/edinoa.hr\/index.php\/product\/secerna-pasta-soft\/","og_site_name":"EDINOA","article_modified_time":"2026-03-15T08:10:22+00:00","og_image":[{"width":1362,"height":2048,"url":"https:\/\/edinoa.hr\/wp-content\/uploads\/2025\/12\/soft2.jpeg","type":"image\/jpeg"}],"twitter_card":"summary_large_image","twitter_misc":{"Procijenjeno vrijeme \u010ditanja":"2 minute"},"schema":{"@context":"https:\/\/schema.org","@graph":[{"@type":"WebPage","@id":"https:\/\/edinoa.hr\/index.php\/product\/secerna-pasta-soft\/","url":"https:\/\/edinoa.hr\/index.php\/product\/secerna-pasta-soft\/","name":"\u0160e\u0107erna pasta SOFT - EDINOA","isPartOf":{"@id":"https:\/\/edinoa.hr\/#website"},"primaryImageOfPage":{"@id":"https:\/\/edinoa.hr\/index.php\/product\/secerna-pasta-soft\/#primaryimage"},"image":{"@id":"https:\/\/edinoa.hr\/index.php\/product\/secerna-pasta-soft\/#primaryimage"},"thumbnailUrl":"https:\/\/edinoa.hr\/wp-content\/uploads\/2025\/12\/soft2.jpeg","datePublished":"2025-12-06T16:59:49+00:00","dateModified":"2026-03-15T08:10:22+00:00","description":"\u0160e\u0107erna pasta za depilaciju zahvaljuju\u0107i svojoj nje\u017enoj, ali u\u010dinkovitojformuli, idealna je za sve tipove ko\u017ee. Pasta uklanja dla\u010dice iz korijena u smjeru njihovarasta, \u010dime se smanjuje mogu\u0107nost urastanja i iritacija.","breadcrumb":{"@id":"https:\/\/edinoa.hr\/index.php\/product\/secerna-pasta-soft\/#breadcrumb"},"inLanguage":"hr","potentialAction":[{"@type":"ReadAction","target":["https:\/\/edinoa.hr\/index.php\/product\/secerna-pasta-soft\/"]}]},{"@type":"ImageObject","inLanguage":"hr","@id":"https:\/\/edinoa.hr\/index.php\/product\/secerna-pasta-soft\/#primaryimage","url":"https:\/\/edinoa.hr\/wp-content\/uploads\/2025\/12\/soft2.jpeg","contentUrl":"https:\/\/edinoa.hr\/wp-content\/uploads\/2025\/12\/soft2.jpeg","width":1362,"height":2048},{"@type":"BreadcrumbList","@id":"https:\/\/edinoa.hr\/index.php\/product\/secerna-pasta-soft\/#breadcrumb","itemListElement":[{"@type":"ListItem","position":1,"name":"Home","item":"https:\/\/edinoa.hr\/"},{"@type":"ListItem","position":2,"name":"WEB SHOP","item":"https:\/\/edinoa.hr\/index.php\/web-shop\/"},{"@type":"ListItem","position":3,"name":"\u0160e\u0107erna pasta SOFT"}]},{"@type":"WebSite","@id":"https:\/\/edinoa.hr\/#website","url":"https:\/\/edinoa.hr\/","name":"EDINOA","description":"Salon za depilaciju i edukaciju","publisher":{"@id":"https:\/\/edinoa.hr\/#organization"},"potentialAction":[{"@type":"SearchAction","target":{"@type":"EntryPoint","urlTemplate":"https:\/\/edinoa.hr\/?s={search_term_string}"},"query-input":{"@type":"PropertyValueSpecification","valueRequired":true,"valueName":"search_term_string"}}],"inLanguage":"hr"},{"@type":"Organization","@id":"https:\/\/edinoa.hr\/#organization","name":"EDINOA","url":"https:\/\/edinoa.hr\/","logo":{"@type":"ImageObject","inLanguage":"hr","@id":"https:\/\/edinoa.hr\/#\/schema\/logo\/image\/","url":"https:\/\/edinoa.hr\/wp-content\/uploads\/2024\/03\/LOGO_pages-to-jpg-0001-1.jpg","contentUrl":"https:\/\/edinoa.hr\/wp-content\/uploads\/2024\/03\/LOGO_pages-to-jpg-0001-1.jpg","width":782,"height":782,"caption":"EDINOA"},"image":{"@id":"https:\/\/edinoa.hr\/#\/schema\/logo\/image\/"}}]}},"_links":{"self":[{"href":"https:\/\/edinoa.hr\/index.php\/wp-json\/wp\/v2\/product\/1129","targetHints":{"allow":["GET"]}}],"collection":[{"href":"https:\/\/edinoa.hr\/index.php\/wp-json\/wp\/v2\/product"}],"about":[{"href":"https:\/\/edinoa.hr\/index.php\/wp-json\/wp\/v2\/types\/product"}],"replies":[{"embeddable":true,"href":"https:\/\/edinoa.hr\/index.php\/wp-json\/wp\/v2\/comments?post=1129"}],"wp:featuredmedia":[{"embeddable":true,"href":"https:\/\/edinoa.hr\/index.php\/wp-json\/wp\/v2\/media\/1134"}],"wp:attachment":[{"href":"https:\/\/edinoa.hr\/index.php\/wp-json\/wp\/v2\/media?parent=1129"}],"wp:term":[{"taxonomy":"product_brand","embeddable":true,"href":"https:\/\/edinoa.hr\/index.php\/wp-json\/wp\/v2\/product_brand?post=1129"},{"taxonomy":"product_cat","embeddable":true,"href":"https:\/\/edinoa.hr\/index.php\/wp-json\/wp\/v2\/product_cat?post=1129"},{"taxonomy":"product_tag","embeddable":true,"href":"https:\/\/edinoa.hr\/index.php\/wp-json\/wp\/v2\/product_tag?post=1129"}],"curies":[{"name":"wp","href":"https:\/\/api.w.org\/{rel}","templated":true}]}}