{"id":704,"date":"2024-05-13T17:28:15","date_gmt":"2024-05-13T15:28:15","guid":{"rendered":"https:\/\/edinoa.hr\/?page_id=704"},"modified":"2025-06-12T10:44:14","modified_gmt":"2025-06-12T08:44:14","slug":"lycon","status":"publish","type":"page","link":"https:\/\/edinoa.hr\/index.php\/usluge-i-edukacije\/lycon\/","title":{"rendered":"LYCON"},"content":{"rendered":"\n<div class=\"wp-block-columns is-layout-flex wp-container-core-columns-is-layout-28f84493 wp-block-columns-is-layout-flex\">\n<div class=\"wp-block-column is-layout-flow wp-block-column-is-layout-flow\">\n<p class=\"has-contrast-light-color has-text-color has-link-color wp-elements-90db475d10755b4f1535a015bbd05391\"><\/p>\n\n\n\n<div class=\"wp-block-columns is-layout-flex wp-container-core-columns-is-layout-28f84493 wp-block-columns-is-layout-flex\">\n<div class=\"wp-block-column is-layout-flow wp-block-column-is-layout-flow\">\n<figure class=\"wp-block-image aligncenter size-full is-resized is-style-default\"><img loading=\"lazy\" decoding=\"async\" width=\"1080\" height=\"1076\" src=\"https:\/\/edinoa.hr\/wp-content\/uploads\/2024\/05\/Screenshot_20240511_143019_Instagram.jpg\" alt=\"\" class=\"wp-image-667\" style=\"width:550px;height:auto\" srcset=\"https:\/\/edinoa.hr\/wp-content\/uploads\/2024\/05\/Screenshot_20240511_143019_Instagram.jpg 1080w, https:\/\/edinoa.hr\/wp-content\/uploads\/2024\/05\/Screenshot_20240511_143019_Instagram-300x300.jpg 300w, https:\/\/edinoa.hr\/wp-content\/uploads\/2024\/05\/Screenshot_20240511_143019_Instagram-1024x1020.jpg 1024w, https:\/\/edinoa.hr\/wp-content\/uploads\/2024\/05\/Screenshot_20240511_143019_Instagram-150x150.jpg 150w, https:\/\/edinoa.hr\/wp-content\/uploads\/2024\/05\/Screenshot_20240511_143019_Instagram-768x765.jpg 768w, https:\/\/edinoa.hr\/wp-content\/uploads\/2024\/05\/Screenshot_20240511_143019_Instagram-600x598.jpg 600w, https:\/\/edinoa.hr\/wp-content\/uploads\/2024\/05\/Screenshot_20240511_143019_Instagram-100x100.jpg 100w\" sizes=\"auto, (max-width: 1080px) 100vw, 1080px\" \/><\/figure>\n<\/div>\n<\/div>\n\n\n\n<p class=\"has-text-color has-link-color has-yu-gothic-ui-ligh-font-family has-superbfont-medium-font-size wp-elements-57fc4840b71bfa25500fc2e090c4a660\" style=\"color:#a47c6c\">JEDINI VOSAK ZA KOJEGA SE VRIJEDI SKINUTI!<br>Voskovi LYCON ve\u0107 dugi niz godina smatraju se za cr\u00e8me de la cr\u00e8me<br>me\u0111u voskovima za depilaciju i ostaju prvi izbor profesionalnih kozmeti\u010dara<br>i nezamjenjiv alat u vode\u0107im salonima ljepote diljem svijeta. Napravljeni su<br>od najboljih prirodnih smola i p\u010delinjih voskova s dodanim senzualnim<br>aromaterapeutskim sastojcima, tako LYCON voskovi u\u017eivaju neusporedivu<br>reputaciju zbog svoje nenadma\u0161ne kvalitete.<br>LYCON je 1978. u Australiji utemeljila me\u0111unarodno priznata beauty<br>terapeutkinja Lydia Jordane. Voskovi LYCON su otada stekli izniman ugled<br>u cijelom svijetu te se kao najbolji voskovi za uklanjanje dla\u010dica<br>upotrebljavaju u brojnim presti\u017enim i priznatim kozmeti\u010dkim salonima u vi\u0161e<br>od 57 dr\u017eava na svijetu.<br>Ono po \u010demu se LYCON razlikuje od drugih voskova je \u010dinjenica da je LYCON kompletan<br>sustav depilacije, \u0161to zna\u010di da se za razliku od drugih voskova brine o Va\u0161oj ko\u017ei. Tretman<br>LYCON depilacije uklju\u010duje njegu ko\u017ee LYCON proizvodima za prije i nakon depilacije.<br>Ovaj vosak je bezbolan i izrazito nje\u017ean prema ko\u017ei, te uklanja i dla\u010dice du\u017eine 1mm!<\/p>\n<\/div>\n<\/div>\n\n\n\n<p><\/p>\n\n\n\n<p><\/p>\n\n\n\n<figure class=\"wp-block-image aligncenter size-full has-custom-border\"><img loading=\"lazy\" decoding=\"async\" width=\"1024\" height=\"683\" src=\"https:\/\/edinoa.hr\/wp-content\/uploads\/2024\/05\/PHOTO-2024-05-16-08-49-57.jpg\" alt=\"\" class=\"wp-image-870\" style=\"border-style:none;border-width:0px;border-radius:0px\" srcset=\"https:\/\/edinoa.hr\/wp-content\/uploads\/2024\/05\/PHOTO-2024-05-16-08-49-57.jpg 1024w, https:\/\/edinoa.hr\/wp-content\/uploads\/2024\/05\/PHOTO-2024-05-16-08-49-57-300x200.jpg 300w, https:\/\/edinoa.hr\/wp-content\/uploads\/2024\/05\/PHOTO-2024-05-16-08-49-57-768x512.jpg 768w, https:\/\/edinoa.hr\/wp-content\/uploads\/2024\/05\/PHOTO-2024-05-16-08-49-57-600x400.jpg 600w\" sizes=\"auto, (max-width: 1024px) 100vw, 1024px\" \/><\/figure>\n","protected":false},"excerpt":{"rendered":"<p>JEDINI VOSAK ZA KOJEGA SE VRIJEDI SKINUTI!Voskovi LYCON ve\u0107 dugi niz godina smatraju se za cr\u00e8me de la cr\u00e8meme\u0111u voskovima za depilaciju i ostaju prvi izbor profesionalnih kozmeti\u010darai nezamjenjiv alat u vode\u0107im salonima ljepote diljem svijeta. Napravljeni suod najboljih prirodnih smola i p\u010delinjih voskova s dodanim senzualnimaromaterapeutskim sastojcima, tako LYCON voskovi u\u017eivaju neusporedivureputaciju zbog svoje [&hellip;]<\/p>\n","protected":false},"author":1,"featured_media":0,"parent":148,"menu_order":0,"comment_status":"closed","ping_status":"closed","template":"","meta":{"footnotes":""},"class_list":["post-704","page","type-page","status-publish","hentry"],"yoast_head":"<!-- This site is optimized with the Yoast SEO plugin v26.5 - https:\/\/yoast.com\/wordpress\/plugins\/seo\/ -->\n<title>LYCON - EDINOA<\/title>\n<meta name=\"description\" content=\"LYCON voskovi su sinonim za vrhunsku kvalitetu u svijetu depilacije ve\u0107 dugi niz godina. Napravljeni od najkvalitetnijih prirodnih smola i p\u010delinjih voskova te oboga\u0107eni senzualnim aromaterapeutskim sastojcima, LYCON voskovi u\u017eivaju neprikosnovenu reputaciju.\" \/>\n<meta name=\"robots\" content=\"index, follow, max-snippet:-1, max-image-preview:large, max-video-preview:-1\" \/>\n<link rel=\"canonical\" href=\"https:\/\/edinoa.hr\/index.php\/usluge-i-edukacije\/lycon\/\" \/>\n<meta property=\"og:locale\" content=\"hr_HR\" \/>\n<meta property=\"og:type\" content=\"article\" \/>\n<meta property=\"og:title\" content=\"LYCON - EDINOA\" \/>\n<meta property=\"og:description\" content=\"LYCON voskovi su sinonim za vrhunsku kvalitetu u svijetu depilacije ve\u0107 dugi niz godina. Napravljeni od najkvalitetnijih prirodnih smola i p\u010delinjih voskova te oboga\u0107eni senzualnim aromaterapeutskim sastojcima, LYCON voskovi u\u017eivaju neprikosnovenu reputaciju.\" \/>\n<meta property=\"og:url\" content=\"https:\/\/edinoa.hr\/index.php\/usluge-i-edukacije\/lycon\/\" \/>\n<meta property=\"og:site_name\" content=\"EDINOA\" \/>\n<meta property=\"article:modified_time\" content=\"2025-06-12T08:44:14+00:00\" \/>\n<meta property=\"og:image\" content=\"https:\/\/edinoa.hr\/wp-content\/uploads\/2024\/05\/Screenshot_20240511_143019_Instagram.jpg\" \/>\n<meta name=\"twitter:card\" content=\"summary_large_image\" \/>\n<meta name=\"twitter:label1\" content=\"Procijenjeno vrijeme \u010ditanja\" \/>\n\t<meta name=\"twitter:data1\" content=\"2 minute\" \/>\n<script type=\"application\/ld+json\" class=\"yoast-schema-graph\">{\"@context\":\"https:\/\/schema.org\",\"@graph\":[{\"@type\":\"WebPage\",\"@id\":\"https:\/\/edinoa.hr\/index.php\/usluge-i-edukacije\/lycon\/\",\"url\":\"https:\/\/edinoa.hr\/index.php\/usluge-i-edukacije\/lycon\/\",\"name\":\"LYCON - EDINOA\",\"isPartOf\":{\"@id\":\"https:\/\/edinoa.hr\/#website\"},\"primaryImageOfPage\":{\"@id\":\"https:\/\/edinoa.hr\/index.php\/usluge-i-edukacije\/lycon\/#primaryimage\"},\"image\":{\"@id\":\"https:\/\/edinoa.hr\/index.php\/usluge-i-edukacije\/lycon\/#primaryimage\"},\"thumbnailUrl\":\"https:\/\/edinoa.hr\/wp-content\/uploads\/2024\/05\/Screenshot_20240511_143019_Instagram.jpg\",\"datePublished\":\"2024-05-13T15:28:15+00:00\",\"dateModified\":\"2025-06-12T08:44:14+00:00\",\"description\":\"LYCON voskovi su sinonim za vrhunsku kvalitetu u svijetu depilacije ve\u0107 dugi niz godina. Napravljeni od najkvalitetnijih prirodnih smola i p\u010delinjih voskova te oboga\u0107eni senzualnim aromaterapeutskim sastojcima, LYCON voskovi u\u017eivaju neprikosnovenu reputaciju.\",\"breadcrumb\":{\"@id\":\"https:\/\/edinoa.hr\/index.php\/usluge-i-edukacije\/lycon\/#breadcrumb\"},\"inLanguage\":\"hr\",\"potentialAction\":[{\"@type\":\"ReadAction\",\"target\":[\"https:\/\/edinoa.hr\/index.php\/usluge-i-edukacije\/lycon\/\"]}]},{\"@type\":\"ImageObject\",\"inLanguage\":\"hr\",\"@id\":\"https:\/\/edinoa.hr\/index.php\/usluge-i-edukacije\/lycon\/#primaryimage\",\"url\":\"https:\/\/edinoa.hr\/wp-content\/uploads\/2024\/05\/Screenshot_20240511_143019_Instagram.jpg\",\"contentUrl\":\"https:\/\/edinoa.hr\/wp-content\/uploads\/2024\/05\/Screenshot_20240511_143019_Instagram.jpg\",\"width\":1080,\"height\":1076},{\"@type\":\"BreadcrumbList\",\"@id\":\"https:\/\/edinoa.hr\/index.php\/usluge-i-edukacije\/lycon\/#breadcrumb\",\"itemListElement\":[{\"@type\":\"ListItem\",\"position\":1,\"name\":\"Home\",\"item\":\"https:\/\/edinoa.hr\/\"},{\"@type\":\"ListItem\",\"position\":2,\"name\":\"Usluge\",\"item\":\"https:\/\/edinoa.hr\/index.php\/usluge-i-edukacije\/\"},{\"@type\":\"ListItem\",\"position\":3,\"name\":\"LYCON\"}]},{\"@type\":\"WebSite\",\"@id\":\"https:\/\/edinoa.hr\/#website\",\"url\":\"https:\/\/edinoa.hr\/\",\"name\":\"EDINOA\",\"description\":\"Salon za depilaciju i edukaciju\",\"publisher\":{\"@id\":\"https:\/\/edinoa.hr\/#organization\"},\"potentialAction\":[{\"@type\":\"SearchAction\",\"target\":{\"@type\":\"EntryPoint\",\"urlTemplate\":\"https:\/\/edinoa.hr\/?s={search_term_string}\"},\"query-input\":{\"@type\":\"PropertyValueSpecification\",\"valueRequired\":true,\"valueName\":\"search_term_string\"}}],\"inLanguage\":\"hr\"},{\"@type\":\"Organization\",\"@id\":\"https:\/\/edinoa.hr\/#organization\",\"name\":\"EDINOA\",\"url\":\"https:\/\/edinoa.hr\/\",\"logo\":{\"@type\":\"ImageObject\",\"inLanguage\":\"hr\",\"@id\":\"https:\/\/edinoa.hr\/#\/schema\/logo\/image\/\",\"url\":\"https:\/\/edinoa.hr\/wp-content\/uploads\/2024\/03\/LOGO_pages-to-jpg-0001-1.jpg\",\"contentUrl\":\"https:\/\/edinoa.hr\/wp-content\/uploads\/2024\/03\/LOGO_pages-to-jpg-0001-1.jpg\",\"width\":782,\"height\":782,\"caption\":\"EDINOA\"},\"image\":{\"@id\":\"https:\/\/edinoa.hr\/#\/schema\/logo\/image\/\"}}]}<\/script>\n<!-- \/ Yoast SEO plugin. -->","yoast_head_json":{"title":"LYCON - EDINOA","description":"LYCON voskovi su sinonim za vrhunsku kvalitetu u svijetu depilacije ve\u0107 dugi niz godina. Napravljeni od najkvalitetnijih prirodnih smola i p\u010delinjih voskova te oboga\u0107eni senzualnim aromaterapeutskim sastojcima, LYCON voskovi u\u017eivaju neprikosnovenu reputaciju.","robots":{"index":"index","follow":"follow","max-snippet":"max-snippet:-1","max-image-preview":"max-image-preview:large","max-video-preview":"max-video-preview:-1"},"canonical":"https:\/\/edinoa.hr\/index.php\/usluge-i-edukacije\/lycon\/","og_locale":"hr_HR","og_type":"article","og_title":"LYCON - EDINOA","og_description":"LYCON voskovi su sinonim za vrhunsku kvalitetu u svijetu depilacije ve\u0107 dugi niz godina. Napravljeni od najkvalitetnijih prirodnih smola i p\u010delinjih voskova te oboga\u0107eni senzualnim aromaterapeutskim sastojcima, LYCON voskovi u\u017eivaju neprikosnovenu reputaciju.","og_url":"https:\/\/edinoa.hr\/index.php\/usluge-i-edukacije\/lycon\/","og_site_name":"EDINOA","article_modified_time":"2025-06-12T08:44:14+00:00","og_image":[{"url":"https:\/\/edinoa.hr\/wp-content\/uploads\/2024\/05\/Screenshot_20240511_143019_Instagram.jpg","type":"","width":"","height":""}],"twitter_card":"summary_large_image","twitter_misc":{"Procijenjeno vrijeme \u010ditanja":"2 minute"},"schema":{"@context":"https:\/\/schema.org","@graph":[{"@type":"WebPage","@id":"https:\/\/edinoa.hr\/index.php\/usluge-i-edukacije\/lycon\/","url":"https:\/\/edinoa.hr\/index.php\/usluge-i-edukacije\/lycon\/","name":"LYCON - EDINOA","isPartOf":{"@id":"https:\/\/edinoa.hr\/#website"},"primaryImageOfPage":{"@id":"https:\/\/edinoa.hr\/index.php\/usluge-i-edukacije\/lycon\/#primaryimage"},"image":{"@id":"https:\/\/edinoa.hr\/index.php\/usluge-i-edukacije\/lycon\/#primaryimage"},"thumbnailUrl":"https:\/\/edinoa.hr\/wp-content\/uploads\/2024\/05\/Screenshot_20240511_143019_Instagram.jpg","datePublished":"2024-05-13T15:28:15+00:00","dateModified":"2025-06-12T08:44:14+00:00","description":"LYCON voskovi su sinonim za vrhunsku kvalitetu u svijetu depilacije ve\u0107 dugi niz godina. Napravljeni od najkvalitetnijih prirodnih smola i p\u010delinjih voskova te oboga\u0107eni senzualnim aromaterapeutskim sastojcima, LYCON voskovi u\u017eivaju neprikosnovenu reputaciju.","breadcrumb":{"@id":"https:\/\/edinoa.hr\/index.php\/usluge-i-edukacije\/lycon\/#breadcrumb"},"inLanguage":"hr","potentialAction":[{"@type":"ReadAction","target":["https:\/\/edinoa.hr\/index.php\/usluge-i-edukacije\/lycon\/"]}]},{"@type":"ImageObject","inLanguage":"hr","@id":"https:\/\/edinoa.hr\/index.php\/usluge-i-edukacije\/lycon\/#primaryimage","url":"https:\/\/edinoa.hr\/wp-content\/uploads\/2024\/05\/Screenshot_20240511_143019_Instagram.jpg","contentUrl":"https:\/\/edinoa.hr\/wp-content\/uploads\/2024\/05\/Screenshot_20240511_143019_Instagram.jpg","width":1080,"height":1076},{"@type":"BreadcrumbList","@id":"https:\/\/edinoa.hr\/index.php\/usluge-i-edukacije\/lycon\/#breadcrumb","itemListElement":[{"@type":"ListItem","position":1,"name":"Home","item":"https:\/\/edinoa.hr\/"},{"@type":"ListItem","position":2,"name":"Usluge","item":"https:\/\/edinoa.hr\/index.php\/usluge-i-edukacije\/"},{"@type":"ListItem","position":3,"name":"LYCON"}]},{"@type":"WebSite","@id":"https:\/\/edinoa.hr\/#website","url":"https:\/\/edinoa.hr\/","name":"EDINOA","description":"Salon za depilaciju i edukaciju","publisher":{"@id":"https:\/\/edinoa.hr\/#organization"},"potentialAction":[{"@type":"SearchAction","target":{"@type":"EntryPoint","urlTemplate":"https:\/\/edinoa.hr\/?s={search_term_string}"},"query-input":{"@type":"PropertyValueSpecification","valueRequired":true,"valueName":"search_term_string"}}],"inLanguage":"hr"},{"@type":"Organization","@id":"https:\/\/edinoa.hr\/#organization","name":"EDINOA","url":"https:\/\/edinoa.hr\/","logo":{"@type":"ImageObject","inLanguage":"hr","@id":"https:\/\/edinoa.hr\/#\/schema\/logo\/image\/","url":"https:\/\/edinoa.hr\/wp-content\/uploads\/2024\/03\/LOGO_pages-to-jpg-0001-1.jpg","contentUrl":"https:\/\/edinoa.hr\/wp-content\/uploads\/2024\/03\/LOGO_pages-to-jpg-0001-1.jpg","width":782,"height":782,"caption":"EDINOA"},"image":{"@id":"https:\/\/edinoa.hr\/#\/schema\/logo\/image\/"}}]}},"_links":{"self":[{"href":"https:\/\/edinoa.hr\/index.php\/wp-json\/wp\/v2\/pages\/704","targetHints":{"allow":["GET"]}}],"collection":[{"href":"https:\/\/edinoa.hr\/index.php\/wp-json\/wp\/v2\/pages"}],"about":[{"href":"https:\/\/edinoa.hr\/index.php\/wp-json\/wp\/v2\/types\/page"}],"author":[{"embeddable":true,"href":"https:\/\/edinoa.hr\/index.php\/wp-json\/wp\/v2\/users\/1"}],"replies":[{"embeddable":true,"href":"https:\/\/edinoa.hr\/index.php\/wp-json\/wp\/v2\/comments?post=704"}],"version-history":[{"count":18,"href":"https:\/\/edinoa.hr\/index.php\/wp-json\/wp\/v2\/pages\/704\/revisions"}],"predecessor-version":[{"id":1087,"href":"https:\/\/edinoa.hr\/index.php\/wp-json\/wp\/v2\/pages\/704\/revisions\/1087"}],"up":[{"embeddable":true,"href":"https:\/\/edinoa.hr\/index.php\/wp-json\/wp\/v2\/pages\/148"}],"wp:attachment":[{"href":"https:\/\/edinoa.hr\/index.php\/wp-json\/wp\/v2\/media?parent=704"}],"curies":[{"name":"wp","href":"https:\/\/api.w.org\/{rel}","templated":true}]}}