{"id":295,"date":"2024-04-02T10:39:04","date_gmt":"2024-04-02T10:39:04","guid":{"rendered":"https:\/\/edinoa.hr\/?page_id=295"},"modified":"2024-04-09T06:47:23","modified_gmt":"2024-04-09T06:47:23","slug":"threading","status":"publish","type":"page","link":"https:\/\/edinoa.hr\/index.php\/usluge-i-edukacije\/threading\/","title":{"rendered":"Threading (depilacija koncem)"},"content":{"rendered":"\n<p class=\"has-text-color has-link-color has-yu-gothic-ui-ligh-font-family has-superbfont-medium-font-size wp-elements-52eb7e973d045bd6c369cd4ba21d78ba\" style=\"color:#a67c6c\">Depilacija koncem poti\u010de&nbsp; iz Indije, Srednjeg i Dalekog istoka. Trenutno je jedan od najpopularnijih i najtra\u017eenijih tretmana&nbsp;za uklanjanje dla\u010dica s lica.&nbsp;<\/p>\n\n\n\n<p class=\"has-text-color has-link-color has-yu-gothic-ui-ligh-font-family has-superbfont-medium-font-size wp-elements-850a67003e489f85c741bcb14c464a97\" style=\"color:#a67c6c\">Za razliku od \u010dupanja obrva pincetom,&nbsp;<em>threadingom<\/em>&nbsp;povla\u010dimo sve dla\u010dice odjednom. Tako\u0111er, sitne dla\u010dice ne\u0107e uma\u0107i jer konac&nbsp;mo\u017ee uhvatiti i dla\u010dice duge tek 1 milimetar.<\/p>\n\n\n\n<p class=\"has-text-color has-link-color has-yu-gothic-ui-ligh-font-family has-superbfont-medium-font-size wp-elements-b132461458e3653e480847576216f099\" style=\"color:#a67c6c\">\u010cupanje obrva koncem&nbsp;najpreciznija je metoda jer linijom konca mo\u017eemo to\u010dno odrediti koje \u0107emo podru\u010dje depilirati<strong>,&nbsp;<\/strong>mo\u017ee se odstraniti samo jedna dla\u010dica ili pak \u010ditav red kako bismo dobili \u017eeljeni oblik.<\/p>\n\n\n\n<p class=\"has-text-color has-link-color has-yu-gothic-ui-ligh-font-family has-superbfont-medium-font-size wp-elements-76279b4a5fe0b900642968b2cd299a28\" style=\"color:#a67c6c\">Threading&nbsp;je mnogima dra\u017ea opcija i od depilacije voskom, jer&nbsp;nema osje\u0107aja ljepljivosti i muke s odstranjivanjem ostataka voska.Tako\u0111er,&nbsp;ne odstranjuje se povr\u0161inski sloj ko\u017ee&nbsp;zbog \u010dega ko\u017ea ostaje glatka i mekana.<\/p>\n\n\n\n<p class=\"has-text-color has-link-color has-yu-gothic-ui-ligh-font-family has-superbfont-medium-font-size wp-elements-531468f82c287c30e70587ef4deee3a2\" style=\"color:#a67c6c\">Rezultati traju otprilike 3 do 4 tjedna,&nbsp;a kad dla\u010dice izrastu u visini milimetra mo\u017ee se ponoviti postupak.<\/p>\n\n\n\n<figure class=\"wp-block-image alignfull size-large\"><img loading=\"lazy\" decoding=\"async\" width=\"1024\" height=\"683\" src=\"https:\/\/edinoa.hr\/wp-content\/uploads\/2024\/04\/iStock-1083288172-1024x683.jpg\" alt=\"\" class=\"wp-image-270\" srcset=\"https:\/\/edinoa.hr\/wp-content\/uploads\/2024\/04\/iStock-1083288172-1024x683.jpg 1024w, https:\/\/edinoa.hr\/wp-content\/uploads\/2024\/04\/iStock-1083288172-300x200.jpg 300w, https:\/\/edinoa.hr\/wp-content\/uploads\/2024\/04\/iStock-1083288172-768x512.jpg 768w, https:\/\/edinoa.hr\/wp-content\/uploads\/2024\/04\/iStock-1083288172-1536x1024.jpg 1536w, https:\/\/edinoa.hr\/wp-content\/uploads\/2024\/04\/iStock-1083288172-2048x1365.jpg 2048w, https:\/\/edinoa.hr\/wp-content\/uploads\/2024\/04\/iStock-1083288172-600x400.jpg 600w\" sizes=\"auto, (max-width: 1024px) 100vw, 1024px\" \/><\/figure>\n","protected":false},"excerpt":{"rendered":"<p>Depilacija koncem poti\u010de&nbsp; iz Indije, Srednjeg i Dalekog istoka. Trenutno je jedan od najpopularnijih i najtra\u017eenijih tretmana&nbsp;za uklanjanje dla\u010dica s lica.&nbsp; Za razliku od \u010dupanja obrva pincetom,&nbsp;threadingom&nbsp;povla\u010dimo sve dla\u010dice odjednom. Tako\u0111er, sitne dla\u010dice ne\u0107e uma\u0107i jer konac&nbsp;mo\u017ee uhvatiti i dla\u010dice duge tek 1 milimetar. \u010cupanje obrva koncem&nbsp;najpreciznija je metoda jer linijom konca mo\u017eemo to\u010dno odrediti [&hellip;]<\/p>\n","protected":false},"author":1,"featured_media":0,"parent":148,"menu_order":0,"comment_status":"closed","ping_status":"closed","template":"","meta":{"footnotes":""},"class_list":["post-295","page","type-page","status-publish","hentry"],"yoast_head":"<!-- This site is optimized with the Yoast SEO plugin v26.5 - https:\/\/yoast.com\/wordpress\/plugins\/seo\/ -->\n<title>Threading (depilacija koncem) - EDINOA<\/title>\n<meta name=\"robots\" content=\"index, follow, max-snippet:-1, max-image-preview:large, max-video-preview:-1\" \/>\n<link rel=\"canonical\" href=\"https:\/\/edinoa.hr\/index.php\/usluge-i-edukacije\/threading\/\" \/>\n<meta property=\"og:locale\" content=\"hr_HR\" \/>\n<meta property=\"og:type\" content=\"article\" \/>\n<meta property=\"og:title\" content=\"Threading (depilacija koncem) - EDINOA\" \/>\n<meta property=\"og:description\" content=\"Depilacija koncem poti\u010de&nbsp; iz Indije, Srednjeg i Dalekog istoka. Trenutno je jedan od najpopularnijih i najtra\u017eenijih tretmana&nbsp;za uklanjanje dla\u010dica s lica.&nbsp; Za razliku od \u010dupanja obrva pincetom,&nbsp;threadingom&nbsp;povla\u010dimo sve dla\u010dice odjednom. Tako\u0111er, sitne dla\u010dice ne\u0107e uma\u0107i jer konac&nbsp;mo\u017ee uhvatiti i dla\u010dice duge tek 1 milimetar. \u010cupanje obrva koncem&nbsp;najpreciznija je metoda jer linijom konca mo\u017eemo to\u010dno odrediti [&hellip;]\" \/>\n<meta property=\"og:url\" content=\"https:\/\/edinoa.hr\/index.php\/usluge-i-edukacije\/threading\/\" \/>\n<meta property=\"og:site_name\" content=\"EDINOA\" \/>\n<meta property=\"article:modified_time\" content=\"2024-04-09T06:47:23+00:00\" \/>\n<meta property=\"og:image\" content=\"https:\/\/edinoa.hr\/wp-content\/uploads\/2024\/04\/iStock-1083288172-1024x683.jpg\" \/>\n<meta name=\"twitter:card\" content=\"summary_large_image\" \/>\n<meta name=\"twitter:label1\" content=\"Procijenjeno vrijeme \u010ditanja\" \/>\n\t<meta name=\"twitter:data1\" content=\"1 minuta\" \/>\n<script type=\"application\/ld+json\" class=\"yoast-schema-graph\">{\"@context\":\"https:\/\/schema.org\",\"@graph\":[{\"@type\":\"WebPage\",\"@id\":\"https:\/\/edinoa.hr\/index.php\/usluge-i-edukacije\/threading\/\",\"url\":\"https:\/\/edinoa.hr\/index.php\/usluge-i-edukacije\/threading\/\",\"name\":\"Threading (depilacija koncem) - EDINOA\",\"isPartOf\":{\"@id\":\"https:\/\/edinoa.hr\/#website\"},\"primaryImageOfPage\":{\"@id\":\"https:\/\/edinoa.hr\/index.php\/usluge-i-edukacije\/threading\/#primaryimage\"},\"image\":{\"@id\":\"https:\/\/edinoa.hr\/index.php\/usluge-i-edukacije\/threading\/#primaryimage\"},\"thumbnailUrl\":\"https:\/\/edinoa.hr\/wp-content\/uploads\/2024\/04\/iStock-1083288172-1024x683.jpg\",\"datePublished\":\"2024-04-02T10:39:04+00:00\",\"dateModified\":\"2024-04-09T06:47:23+00:00\",\"breadcrumb\":{\"@id\":\"https:\/\/edinoa.hr\/index.php\/usluge-i-edukacije\/threading\/#breadcrumb\"},\"inLanguage\":\"hr\",\"potentialAction\":[{\"@type\":\"ReadAction\",\"target\":[\"https:\/\/edinoa.hr\/index.php\/usluge-i-edukacije\/threading\/\"]}]},{\"@type\":\"ImageObject\",\"inLanguage\":\"hr\",\"@id\":\"https:\/\/edinoa.hr\/index.php\/usluge-i-edukacije\/threading\/#primaryimage\",\"url\":\"https:\/\/edinoa.hr\/wp-content\/uploads\/2024\/04\/iStock-1083288172.jpg\",\"contentUrl\":\"https:\/\/edinoa.hr\/wp-content\/uploads\/2024\/04\/iStock-1083288172.jpg\",\"width\":2121,\"height\":1414},{\"@type\":\"BreadcrumbList\",\"@id\":\"https:\/\/edinoa.hr\/index.php\/usluge-i-edukacije\/threading\/#breadcrumb\",\"itemListElement\":[{\"@type\":\"ListItem\",\"position\":1,\"name\":\"Home\",\"item\":\"https:\/\/edinoa.hr\/\"},{\"@type\":\"ListItem\",\"position\":2,\"name\":\"Usluge\",\"item\":\"https:\/\/edinoa.hr\/index.php\/usluge-i-edukacije\/\"},{\"@type\":\"ListItem\",\"position\":3,\"name\":\"Threading (depilacija koncem)\"}]},{\"@type\":\"WebSite\",\"@id\":\"https:\/\/edinoa.hr\/#website\",\"url\":\"https:\/\/edinoa.hr\/\",\"name\":\"EDINOA\",\"description\":\"Salon za depilaciju i edukaciju\",\"publisher\":{\"@id\":\"https:\/\/edinoa.hr\/#organization\"},\"potentialAction\":[{\"@type\":\"SearchAction\",\"target\":{\"@type\":\"EntryPoint\",\"urlTemplate\":\"https:\/\/edinoa.hr\/?s={search_term_string}\"},\"query-input\":{\"@type\":\"PropertyValueSpecification\",\"valueRequired\":true,\"valueName\":\"search_term_string\"}}],\"inLanguage\":\"hr\"},{\"@type\":\"Organization\",\"@id\":\"https:\/\/edinoa.hr\/#organization\",\"name\":\"EDINOA\",\"url\":\"https:\/\/edinoa.hr\/\",\"logo\":{\"@type\":\"ImageObject\",\"inLanguage\":\"hr\",\"@id\":\"https:\/\/edinoa.hr\/#\/schema\/logo\/image\/\",\"url\":\"https:\/\/edinoa.hr\/wp-content\/uploads\/2024\/03\/LOGO_pages-to-jpg-0001-1.jpg\",\"contentUrl\":\"https:\/\/edinoa.hr\/wp-content\/uploads\/2024\/03\/LOGO_pages-to-jpg-0001-1.jpg\",\"width\":782,\"height\":782,\"caption\":\"EDINOA\"},\"image\":{\"@id\":\"https:\/\/edinoa.hr\/#\/schema\/logo\/image\/\"}}]}<\/script>\n<!-- \/ Yoast SEO plugin. -->","yoast_head_json":{"title":"Threading (depilacija koncem) - EDINOA","robots":{"index":"index","follow":"follow","max-snippet":"max-snippet:-1","max-image-preview":"max-image-preview:large","max-video-preview":"max-video-preview:-1"},"canonical":"https:\/\/edinoa.hr\/index.php\/usluge-i-edukacije\/threading\/","og_locale":"hr_HR","og_type":"article","og_title":"Threading (depilacija koncem) - EDINOA","og_description":"Depilacija koncem poti\u010de&nbsp; iz Indije, Srednjeg i Dalekog istoka. Trenutno je jedan od najpopularnijih i najtra\u017eenijih tretmana&nbsp;za uklanjanje dla\u010dica s lica.&nbsp; Za razliku od \u010dupanja obrva pincetom,&nbsp;threadingom&nbsp;povla\u010dimo sve dla\u010dice odjednom. Tako\u0111er, sitne dla\u010dice ne\u0107e uma\u0107i jer konac&nbsp;mo\u017ee uhvatiti i dla\u010dice duge tek 1 milimetar. \u010cupanje obrva koncem&nbsp;najpreciznija je metoda jer linijom konca mo\u017eemo to\u010dno odrediti [&hellip;]","og_url":"https:\/\/edinoa.hr\/index.php\/usluge-i-edukacije\/threading\/","og_site_name":"EDINOA","article_modified_time":"2024-04-09T06:47:23+00:00","og_image":[{"url":"https:\/\/edinoa.hr\/wp-content\/uploads\/2024\/04\/iStock-1083288172-1024x683.jpg","type":"","width":"","height":""}],"twitter_card":"summary_large_image","twitter_misc":{"Procijenjeno vrijeme \u010ditanja":"1 minuta"},"schema":{"@context":"https:\/\/schema.org","@graph":[{"@type":"WebPage","@id":"https:\/\/edinoa.hr\/index.php\/usluge-i-edukacije\/threading\/","url":"https:\/\/edinoa.hr\/index.php\/usluge-i-edukacije\/threading\/","name":"Threading (depilacija koncem) - EDINOA","isPartOf":{"@id":"https:\/\/edinoa.hr\/#website"},"primaryImageOfPage":{"@id":"https:\/\/edinoa.hr\/index.php\/usluge-i-edukacije\/threading\/#primaryimage"},"image":{"@id":"https:\/\/edinoa.hr\/index.php\/usluge-i-edukacije\/threading\/#primaryimage"},"thumbnailUrl":"https:\/\/edinoa.hr\/wp-content\/uploads\/2024\/04\/iStock-1083288172-1024x683.jpg","datePublished":"2024-04-02T10:39:04+00:00","dateModified":"2024-04-09T06:47:23+00:00","breadcrumb":{"@id":"https:\/\/edinoa.hr\/index.php\/usluge-i-edukacije\/threading\/#breadcrumb"},"inLanguage":"hr","potentialAction":[{"@type":"ReadAction","target":["https:\/\/edinoa.hr\/index.php\/usluge-i-edukacije\/threading\/"]}]},{"@type":"ImageObject","inLanguage":"hr","@id":"https:\/\/edinoa.hr\/index.php\/usluge-i-edukacije\/threading\/#primaryimage","url":"https:\/\/edinoa.hr\/wp-content\/uploads\/2024\/04\/iStock-1083288172.jpg","contentUrl":"https:\/\/edinoa.hr\/wp-content\/uploads\/2024\/04\/iStock-1083288172.jpg","width":2121,"height":1414},{"@type":"BreadcrumbList","@id":"https:\/\/edinoa.hr\/index.php\/usluge-i-edukacije\/threading\/#breadcrumb","itemListElement":[{"@type":"ListItem","position":1,"name":"Home","item":"https:\/\/edinoa.hr\/"},{"@type":"ListItem","position":2,"name":"Usluge","item":"https:\/\/edinoa.hr\/index.php\/usluge-i-edukacije\/"},{"@type":"ListItem","position":3,"name":"Threading (depilacija koncem)"}]},{"@type":"WebSite","@id":"https:\/\/edinoa.hr\/#website","url":"https:\/\/edinoa.hr\/","name":"EDINOA","description":"Salon za depilaciju i edukaciju","publisher":{"@id":"https:\/\/edinoa.hr\/#organization"},"potentialAction":[{"@type":"SearchAction","target":{"@type":"EntryPoint","urlTemplate":"https:\/\/edinoa.hr\/?s={search_term_string}"},"query-input":{"@type":"PropertyValueSpecification","valueRequired":true,"valueName":"search_term_string"}}],"inLanguage":"hr"},{"@type":"Organization","@id":"https:\/\/edinoa.hr\/#organization","name":"EDINOA","url":"https:\/\/edinoa.hr\/","logo":{"@type":"ImageObject","inLanguage":"hr","@id":"https:\/\/edinoa.hr\/#\/schema\/logo\/image\/","url":"https:\/\/edinoa.hr\/wp-content\/uploads\/2024\/03\/LOGO_pages-to-jpg-0001-1.jpg","contentUrl":"https:\/\/edinoa.hr\/wp-content\/uploads\/2024\/03\/LOGO_pages-to-jpg-0001-1.jpg","width":782,"height":782,"caption":"EDINOA"},"image":{"@id":"https:\/\/edinoa.hr\/#\/schema\/logo\/image\/"}}]}},"_links":{"self":[{"href":"https:\/\/edinoa.hr\/index.php\/wp-json\/wp\/v2\/pages\/295","targetHints":{"allow":["GET"]}}],"collection":[{"href":"https:\/\/edinoa.hr\/index.php\/wp-json\/wp\/v2\/pages"}],"about":[{"href":"https:\/\/edinoa.hr\/index.php\/wp-json\/wp\/v2\/types\/page"}],"author":[{"embeddable":true,"href":"https:\/\/edinoa.hr\/index.php\/wp-json\/wp\/v2\/users\/1"}],"replies":[{"embeddable":true,"href":"https:\/\/edinoa.hr\/index.php\/wp-json\/wp\/v2\/comments?post=295"}],"version-history":[{"count":4,"href":"https:\/\/edinoa.hr\/index.php\/wp-json\/wp\/v2\/pages\/295\/revisions"}],"predecessor-version":[{"id":540,"href":"https:\/\/edinoa.hr\/index.php\/wp-json\/wp\/v2\/pages\/295\/revisions\/540"}],"up":[{"embeddable":true,"href":"https:\/\/edinoa.hr\/index.php\/wp-json\/wp\/v2\/pages\/148"}],"wp:attachment":[{"href":"https:\/\/edinoa.hr\/index.php\/wp-json\/wp\/v2\/media?parent=295"}],"curies":[{"name":"wp","href":"https:\/\/api.w.org\/{rel}","templated":true}]}}