{"id":291,"date":"2024-04-02T10:38:07","date_gmt":"2024-04-02T10:38:07","guid":{"rendered":"https:\/\/edinoa.hr\/?page_id=291"},"modified":"2025-06-11T23:10:45","modified_gmt":"2025-06-11T21:10:45","slug":"depilacija-secernom-pastom","status":"publish","type":"page","link":"https:\/\/edinoa.hr\/index.php\/usluge-i-edukacije\/depilacija-secernom-pastom\/","title":{"rendered":"Depilacija \u0161e\u0107ernom pastom"},"content":{"rendered":"\n<p class=\"has-text-color has-link-color has-yu-gothic-ui-ligh-font-family has-superbfont-medium-font-size wp-elements-a0c609b1288e2aabaec2003268819e5e\" style=\"color:#a18664\">Depilacija \u0161e\u0107ernom pastom, poznata i kao &#8221;Egipatska depilacija&#8221; &nbsp;je drevni oblik uklanjanja dla\u010dica sa tijela za koju se vjeruje da ju je i Kleopatra koristila.<\/p>\n\n\n\n<figure class=\"wp-block-image alignfull size-large has-custom-border\"><img loading=\"lazy\" decoding=\"async\" width=\"1024\" height=\"1010\" src=\"https:\/\/edinoa.hr\/wp-content\/uploads\/2025\/06\/secerpasta-1024x1010.jpeg\" alt=\"\" class=\"wp-image-957\" style=\"border-style:none;border-width:0px;border-radius:0px\" srcset=\"https:\/\/edinoa.hr\/wp-content\/uploads\/2025\/06\/secerpasta-1024x1010.jpeg 1024w, https:\/\/edinoa.hr\/wp-content\/uploads\/2025\/06\/secerpasta-300x296.jpeg 300w, https:\/\/edinoa.hr\/wp-content\/uploads\/2025\/06\/secerpasta-768x758.jpeg 768w, https:\/\/edinoa.hr\/wp-content\/uploads\/2025\/06\/secerpasta-1536x1516.jpeg 1536w, https:\/\/edinoa.hr\/wp-content\/uploads\/2025\/06\/secerpasta-600x592.jpeg 600w, https:\/\/edinoa.hr\/wp-content\/uploads\/2025\/06\/secerpasta-100x100.jpeg 100w, https:\/\/edinoa.hr\/wp-content\/uploads\/2025\/06\/secerpasta.jpeg 2027w\" sizes=\"auto, (max-width: 1024px) 100vw, 1024px\" \/><\/figure>\n\n\n\n<p class=\"has-text-color has-link-color has-yu-gothic-ui-ligh-font-family has-superbfont-medium-font-size wp-elements-28945deb2957257cb804eccba4d09591\" style=\"color:#998569\">Ovo je potpuno sigurna metoda depilacije i za najosjetljiviju ko\u017eu jer je \u0161e\u0107erna pasta 100% prirodna i nje\u017ena za ko\u017eu, a sastoji od samo tri sastojka: \u0161e\u0107era, limuna i vode.&nbsp;<\/p>\n\n\n\n<p class=\"has-text-color has-link-color has-yu-gothic-ui-ligh-font-family has-superbfont-medium-font-size wp-elements-b8968c2e8f8e616cd61c5ca58db0c76d\" style=\"color:#998569\">Idealna je za depilaciju svih dijelova tijela, naro\u010dito za osjetljiva podru\u010dja kao \u0161to su pazuh, nadusnice ili bikini zona.<\/p>\n\n\n\n<p class=\"has-text-color has-link-color has-yu-gothic-ui-ligh-font-family has-superbfont-medium-font-size wp-elements-266af490bbc85c13959ce5ec50362964\" style=\"color:#998569\">Egipatska depilacija donosi brojne prednosti u odnosu na druge metode depilacije, a neke od njih su:&nbsp;<\/p>\n\n\n\n<p class=\"has-text-color has-link-color has-yu-gothic-ui-ligh-font-family has-superbfont-medium-font-size wp-elements-8ee4a645e89c1f6dc0976fa2a37d2357\" style=\"color:#998569\">&#8211;&nbsp;&nbsp;&nbsp;&nbsp;&nbsp;&nbsp;&nbsp;&nbsp;&nbsp;&nbsp;&nbsp;&nbsp;Ne zagrijava se, koristi se na sobnoj temperaturi i samim time ne mo\u017ee ope\u0107i ko\u017eu<\/p>\n\n\n\n<p class=\"has-text-color has-link-color has-yu-gothic-ui-ligh-font-family has-superbfont-medium-font-size wp-elements-6ee11c9e9f5959117db45c93b7fed251\" style=\"color:#998569\">&#8211;&nbsp;&nbsp;&nbsp;&nbsp;&nbsp;&nbsp;&nbsp;&nbsp;&nbsp;&nbsp;&nbsp;&nbsp;Za razliku od voska, nanosi se suprotno od smjera rasta dla\u010dica, a uklanja se u smjeru rasta dla\u010dica \u0161to osigurava da svaka dla\u010dica iza\u0111e iz korijena,              samim time oslabljuje i prorje\u0111uje dla\u010dice<\/p>\n\n\n\n<p class=\"has-text-color has-link-color has-yu-gothic-ui-ligh-font-family has-superbfont-medium-font-size wp-elements-7b8b144985e647f0ce9d3ecb5df79680\" style=\"color:#998569\">&#8211;&nbsp;&nbsp;&nbsp;&nbsp;&nbsp;&nbsp;&nbsp;&nbsp;&nbsp;&nbsp;&nbsp;&nbsp;Lijepi se samo za dla\u010dice, ne i za ko\u017eu, \u0161to je \u010dini idealnom za osobe sa osjetljivom ko\u017eom bez straha od o\u0161te\u0107enja ko\u017ene barijere<\/p>\n\n\n\n<p class=\"has-text-color has-link-color has-yu-gothic-ui-ligh-font-family has-superbfont-medium-font-size wp-elements-05e84d4e70e197e64a484bb7b986829c\" style=\"color:#998569\">&#8211;&nbsp;&nbsp;&nbsp;&nbsp;&nbsp;&nbsp;&nbsp;&nbsp;&nbsp;&nbsp;&nbsp;&nbsp;Smanjuje pojavu uraslih dla\u010dica<\/p>\n\n\n\n<p class=\"has-text-color has-link-color has-yu-gothic-ui-ligh-font-family has-superbfont-medium-font-size wp-elements-529d191d4d2086b157d61853b09352cc\" style=\"color:#998569\">&#8211;&nbsp;&nbsp;&nbsp;&nbsp;&nbsp;&nbsp;&nbsp;&nbsp;&nbsp;&nbsp;&nbsp;&nbsp;Uklanja i sitne dla\u010dice, du\u017eine 3-4mm<\/p>\n\n\n\n<p class=\"has-text-color has-link-color has-yu-gothic-ui-ligh-font-family has-superbfont-medium-font-size wp-elements-140e209744ee890d6459df14fa3b8626\" style=\"color:#998569\">&#8211;&nbsp;&nbsp;&nbsp;&nbsp;&nbsp;&nbsp;&nbsp;&nbsp;&nbsp;&nbsp;&nbsp;&nbsp;\u010cisti se jednostavno toplom vodom, nema ljepljivog osje\u0107aja na ko\u017ei nakon depilacije kao kod voska<\/p>\n\n\n\n<p class=\"has-text-color has-link-color has-yu-gothic-ui-ligh-font-family has-superbfont-medium-font-size wp-elements-b9c7271f2758683265944431126ed93c\" style=\"color:#998569\">&#8211;&nbsp;&nbsp;&nbsp;&nbsp;&nbsp;&nbsp;&nbsp;&nbsp;&nbsp;&nbsp;&nbsp;&nbsp;Radi blagi piling ko\u017ee<\/p>\n\n\n\n<p class=\"has-text-color has-link-color has-yu-gothic-ui-ligh-font-family has-superbfont-medium-font-size wp-elements-ad26a4187bec20d62a9b26887903bc40\" style=\"color:#998569\">U na\u0161em salonu koristimo isklju\u010divo na\u0161u ru\u010dno ra\u0111enu 100% prirodnu \u0161e\u0107ernu pastu, te imamo posebno osmi\u0161ljen koncept za ovu metodu kako bi Va\u0161e iskustvo depilacije kod nas bilo \u0161to ugodnije i bezbolnije.<\/p>\n\n\n\n<hr class=\"wp-block-separator has-alpha-channel-opacity\"\/>\n\n\n\n<figure class=\"wp-block-image aligncenter size-large has-custom-border\"><img loading=\"lazy\" decoding=\"async\" width=\"731\" height=\"1024\" src=\"https:\/\/edinoa.hr\/wp-content\/uploads\/2024\/03\/EDINOA_AM-09-731x1024.jpg\" alt=\"\" class=\"wp-image-14\" style=\"border-style:none;border-width:0px;border-radius:0px\" srcset=\"https:\/\/edinoa.hr\/wp-content\/uploads\/2024\/03\/EDINOA_AM-09-731x1024.jpg 731w, https:\/\/edinoa.hr\/wp-content\/uploads\/2024\/03\/EDINOA_AM-09-scaled-600x840.jpg 600w, https:\/\/edinoa.hr\/wp-content\/uploads\/2024\/03\/EDINOA_AM-09-214x300.jpg 214w, https:\/\/edinoa.hr\/wp-content\/uploads\/2024\/03\/EDINOA_AM-09-768x1075.jpg 768w, https:\/\/edinoa.hr\/wp-content\/uploads\/2024\/03\/EDINOA_AM-09-1097x1536.jpg 1097w, https:\/\/edinoa.hr\/wp-content\/uploads\/2024\/03\/EDINOA_AM-09-1463x2048.jpg 1463w, https:\/\/edinoa.hr\/wp-content\/uploads\/2024\/03\/EDINOA_AM-09-scaled.jpg 1829w\" sizes=\"auto, (max-width: 731px) 100vw, 731px\" \/><\/figure>\n","protected":false},"excerpt":{"rendered":"<p>Depilacija \u0161e\u0107ernom pastom, poznata i kao &#8221;Egipatska depilacija&#8221; &nbsp;je drevni oblik uklanjanja dla\u010dica sa tijela za koju se vjeruje da ju je i Kleopatra koristila. Ovo je potpuno sigurna metoda depilacije i za najosjetljiviju ko\u017eu jer je \u0161e\u0107erna pasta 100% prirodna i nje\u017ena za ko\u017eu, a sastoji od samo tri sastojka: \u0161e\u0107era, limuna i vode.&nbsp; [&hellip;]<\/p>\n","protected":false},"author":1,"featured_media":0,"parent":148,"menu_order":0,"comment_status":"closed","ping_status":"closed","template":"","meta":{"_glsr_average":0,"_glsr_ranking":0,"_glsr_reviews":0,"footnotes":""},"class_list":["post-291","page","type-page","status-publish","hentry"],"yoast_head":"<!-- This site is optimized with the Yoast SEO plugin v26.5 - https:\/\/yoast.com\/wordpress\/plugins\/seo\/ -->\n<title>Depilacija \u0161e\u0107ernom pastom - EDINOA<\/title>\n<meta name=\"robots\" content=\"index, follow, max-snippet:-1, max-image-preview:large, max-video-preview:-1\" \/>\n<link rel=\"canonical\" href=\"https:\/\/edinoa.hr\/index.php\/usluge-i-edukacije\/depilacija-secernom-pastom\/\" \/>\n<meta property=\"og:locale\" content=\"hr_HR\" \/>\n<meta property=\"og:type\" content=\"article\" \/>\n<meta property=\"og:title\" content=\"Depilacija \u0161e\u0107ernom pastom - EDINOA\" \/>\n<meta property=\"og:description\" content=\"Depilacija \u0161e\u0107ernom pastom, poznata i kao &#8221;Egipatska depilacija&#8221; &nbsp;je drevni oblik uklanjanja dla\u010dica sa tijela za koju se vjeruje da ju je i Kleopatra koristila. Ovo je potpuno sigurna metoda depilacije i za najosjetljiviju ko\u017eu jer je \u0161e\u0107erna pasta 100% prirodna i nje\u017ena za ko\u017eu, a sastoji od samo tri sastojka: \u0161e\u0107era, limuna i vode.&nbsp; [&hellip;]\" \/>\n<meta property=\"og:url\" content=\"https:\/\/edinoa.hr\/index.php\/usluge-i-edukacije\/depilacija-secernom-pastom\/\" \/>\n<meta property=\"og:site_name\" content=\"EDINOA\" \/>\n<meta property=\"article:modified_time\" content=\"2025-06-11T21:10:45+00:00\" \/>\n<meta property=\"og:image\" content=\"https:\/\/edinoa.hr\/wp-content\/uploads\/2025\/06\/secerpasta-1024x1010.jpeg\" \/>\n<meta name=\"twitter:card\" content=\"summary_large_image\" \/>\n<meta name=\"twitter:label1\" content=\"Procijenjeno vrijeme \u010ditanja\" \/>\n\t<meta name=\"twitter:data1\" content=\"2 minute\" \/>\n<script type=\"application\/ld+json\" class=\"yoast-schema-graph\">{\"@context\":\"https:\/\/schema.org\",\"@graph\":[{\"@type\":\"WebPage\",\"@id\":\"https:\/\/edinoa.hr\/index.php\/usluge-i-edukacije\/depilacija-secernom-pastom\/\",\"url\":\"https:\/\/edinoa.hr\/index.php\/usluge-i-edukacije\/depilacija-secernom-pastom\/\",\"name\":\"Depilacija \u0161e\u0107ernom pastom - EDINOA\",\"isPartOf\":{\"@id\":\"https:\/\/edinoa.hr\/#website\"},\"primaryImageOfPage\":{\"@id\":\"https:\/\/edinoa.hr\/index.php\/usluge-i-edukacije\/depilacija-secernom-pastom\/#primaryimage\"},\"image\":{\"@id\":\"https:\/\/edinoa.hr\/index.php\/usluge-i-edukacije\/depilacija-secernom-pastom\/#primaryimage\"},\"thumbnailUrl\":\"https:\/\/edinoa.hr\/wp-content\/uploads\/2025\/06\/secerpasta-1024x1010.jpeg\",\"datePublished\":\"2024-04-02T10:38:07+00:00\",\"dateModified\":\"2025-06-11T21:10:45+00:00\",\"breadcrumb\":{\"@id\":\"https:\/\/edinoa.hr\/index.php\/usluge-i-edukacije\/depilacija-secernom-pastom\/#breadcrumb\"},\"inLanguage\":\"hr\",\"potentialAction\":[{\"@type\":\"ReadAction\",\"target\":[\"https:\/\/edinoa.hr\/index.php\/usluge-i-edukacije\/depilacija-secernom-pastom\/\"]}]},{\"@type\":\"ImageObject\",\"inLanguage\":\"hr\",\"@id\":\"https:\/\/edinoa.hr\/index.php\/usluge-i-edukacije\/depilacija-secernom-pastom\/#primaryimage\",\"url\":\"https:\/\/edinoa.hr\/wp-content\/uploads\/2025\/06\/secerpasta.jpeg\",\"contentUrl\":\"https:\/\/edinoa.hr\/wp-content\/uploads\/2025\/06\/secerpasta.jpeg\",\"width\":2027,\"height\":2000},{\"@type\":\"BreadcrumbList\",\"@id\":\"https:\/\/edinoa.hr\/index.php\/usluge-i-edukacije\/depilacija-secernom-pastom\/#breadcrumb\",\"itemListElement\":[{\"@type\":\"ListItem\",\"position\":1,\"name\":\"Home\",\"item\":\"https:\/\/edinoa.hr\/\"},{\"@type\":\"ListItem\",\"position\":2,\"name\":\"Usluge\",\"item\":\"https:\/\/edinoa.hr\/index.php\/usluge-i-edukacije\/\"},{\"@type\":\"ListItem\",\"position\":3,\"name\":\"Depilacija \u0161e\u0107ernom pastom\"}]},{\"@type\":\"WebSite\",\"@id\":\"https:\/\/edinoa.hr\/#website\",\"url\":\"https:\/\/edinoa.hr\/\",\"name\":\"EDINOA\",\"description\":\"Salon za depilaciju i edukaciju\",\"publisher\":{\"@id\":\"https:\/\/edinoa.hr\/#organization\"},\"potentialAction\":[{\"@type\":\"SearchAction\",\"target\":{\"@type\":\"EntryPoint\",\"urlTemplate\":\"https:\/\/edinoa.hr\/?s={search_term_string}\"},\"query-input\":{\"@type\":\"PropertyValueSpecification\",\"valueRequired\":true,\"valueName\":\"search_term_string\"}}],\"inLanguage\":\"hr\"},{\"@type\":\"Organization\",\"@id\":\"https:\/\/edinoa.hr\/#organization\",\"name\":\"EDINOA\",\"url\":\"https:\/\/edinoa.hr\/\",\"logo\":{\"@type\":\"ImageObject\",\"inLanguage\":\"hr\",\"@id\":\"https:\/\/edinoa.hr\/#\/schema\/logo\/image\/\",\"url\":\"https:\/\/edinoa.hr\/wp-content\/uploads\/2024\/03\/LOGO_pages-to-jpg-0001-1.jpg\",\"contentUrl\":\"https:\/\/edinoa.hr\/wp-content\/uploads\/2024\/03\/LOGO_pages-to-jpg-0001-1.jpg\",\"width\":782,\"height\":782,\"caption\":\"EDINOA\"},\"image\":{\"@id\":\"https:\/\/edinoa.hr\/#\/schema\/logo\/image\/\"}}]}<\/script>\n<!-- \/ Yoast SEO plugin. -->","yoast_head_json":{"title":"Depilacija \u0161e\u0107ernom pastom - EDINOA","robots":{"index":"index","follow":"follow","max-snippet":"max-snippet:-1","max-image-preview":"max-image-preview:large","max-video-preview":"max-video-preview:-1"},"canonical":"https:\/\/edinoa.hr\/index.php\/usluge-i-edukacije\/depilacija-secernom-pastom\/","og_locale":"hr_HR","og_type":"article","og_title":"Depilacija \u0161e\u0107ernom pastom - EDINOA","og_description":"Depilacija \u0161e\u0107ernom pastom, poznata i kao &#8221;Egipatska depilacija&#8221; &nbsp;je drevni oblik uklanjanja dla\u010dica sa tijela za koju se vjeruje da ju je i Kleopatra koristila. Ovo je potpuno sigurna metoda depilacije i za najosjetljiviju ko\u017eu jer je \u0161e\u0107erna pasta 100% prirodna i nje\u017ena za ko\u017eu, a sastoji od samo tri sastojka: \u0161e\u0107era, limuna i vode.&nbsp; [&hellip;]","og_url":"https:\/\/edinoa.hr\/index.php\/usluge-i-edukacije\/depilacija-secernom-pastom\/","og_site_name":"EDINOA","article_modified_time":"2025-06-11T21:10:45+00:00","og_image":[{"url":"https:\/\/edinoa.hr\/wp-content\/uploads\/2025\/06\/secerpasta-1024x1010.jpeg","type":"","width":"","height":""}],"twitter_card":"summary_large_image","twitter_misc":{"Procijenjeno vrijeme \u010ditanja":"2 minute"},"schema":{"@context":"https:\/\/schema.org","@graph":[{"@type":"WebPage","@id":"https:\/\/edinoa.hr\/index.php\/usluge-i-edukacije\/depilacija-secernom-pastom\/","url":"https:\/\/edinoa.hr\/index.php\/usluge-i-edukacije\/depilacija-secernom-pastom\/","name":"Depilacija \u0161e\u0107ernom pastom - EDINOA","isPartOf":{"@id":"https:\/\/edinoa.hr\/#website"},"primaryImageOfPage":{"@id":"https:\/\/edinoa.hr\/index.php\/usluge-i-edukacije\/depilacija-secernom-pastom\/#primaryimage"},"image":{"@id":"https:\/\/edinoa.hr\/index.php\/usluge-i-edukacije\/depilacija-secernom-pastom\/#primaryimage"},"thumbnailUrl":"https:\/\/edinoa.hr\/wp-content\/uploads\/2025\/06\/secerpasta-1024x1010.jpeg","datePublished":"2024-04-02T10:38:07+00:00","dateModified":"2025-06-11T21:10:45+00:00","breadcrumb":{"@id":"https:\/\/edinoa.hr\/index.php\/usluge-i-edukacije\/depilacija-secernom-pastom\/#breadcrumb"},"inLanguage":"hr","potentialAction":[{"@type":"ReadAction","target":["https:\/\/edinoa.hr\/index.php\/usluge-i-edukacije\/depilacija-secernom-pastom\/"]}]},{"@type":"ImageObject","inLanguage":"hr","@id":"https:\/\/edinoa.hr\/index.php\/usluge-i-edukacije\/depilacija-secernom-pastom\/#primaryimage","url":"https:\/\/edinoa.hr\/wp-content\/uploads\/2025\/06\/secerpasta.jpeg","contentUrl":"https:\/\/edinoa.hr\/wp-content\/uploads\/2025\/06\/secerpasta.jpeg","width":2027,"height":2000},{"@type":"BreadcrumbList","@id":"https:\/\/edinoa.hr\/index.php\/usluge-i-edukacije\/depilacija-secernom-pastom\/#breadcrumb","itemListElement":[{"@type":"ListItem","position":1,"name":"Home","item":"https:\/\/edinoa.hr\/"},{"@type":"ListItem","position":2,"name":"Usluge","item":"https:\/\/edinoa.hr\/index.php\/usluge-i-edukacije\/"},{"@type":"ListItem","position":3,"name":"Depilacija \u0161e\u0107ernom pastom"}]},{"@type":"WebSite","@id":"https:\/\/edinoa.hr\/#website","url":"https:\/\/edinoa.hr\/","name":"EDINOA","description":"Salon za depilaciju i edukaciju","publisher":{"@id":"https:\/\/edinoa.hr\/#organization"},"potentialAction":[{"@type":"SearchAction","target":{"@type":"EntryPoint","urlTemplate":"https:\/\/edinoa.hr\/?s={search_term_string}"},"query-input":{"@type":"PropertyValueSpecification","valueRequired":true,"valueName":"search_term_string"}}],"inLanguage":"hr"},{"@type":"Organization","@id":"https:\/\/edinoa.hr\/#organization","name":"EDINOA","url":"https:\/\/edinoa.hr\/","logo":{"@type":"ImageObject","inLanguage":"hr","@id":"https:\/\/edinoa.hr\/#\/schema\/logo\/image\/","url":"https:\/\/edinoa.hr\/wp-content\/uploads\/2024\/03\/LOGO_pages-to-jpg-0001-1.jpg","contentUrl":"https:\/\/edinoa.hr\/wp-content\/uploads\/2024\/03\/LOGO_pages-to-jpg-0001-1.jpg","width":782,"height":782,"caption":"EDINOA"},"image":{"@id":"https:\/\/edinoa.hr\/#\/schema\/logo\/image\/"}}]}},"_links":{"self":[{"href":"https:\/\/edinoa.hr\/index.php\/wp-json\/wp\/v2\/pages\/291","targetHints":{"allow":["GET"]}}],"collection":[{"href":"https:\/\/edinoa.hr\/index.php\/wp-json\/wp\/v2\/pages"}],"about":[{"href":"https:\/\/edinoa.hr\/index.php\/wp-json\/wp\/v2\/types\/page"}],"author":[{"embeddable":true,"href":"https:\/\/edinoa.hr\/index.php\/wp-json\/wp\/v2\/users\/1"}],"replies":[{"embeddable":true,"href":"https:\/\/edinoa.hr\/index.php\/wp-json\/wp\/v2\/comments?post=291"}],"version-history":[{"count":10,"href":"https:\/\/edinoa.hr\/index.php\/wp-json\/wp\/v2\/pages\/291\/revisions"}],"predecessor-version":[{"id":1059,"href":"https:\/\/edinoa.hr\/index.php\/wp-json\/wp\/v2\/pages\/291\/revisions\/1059"}],"up":[{"embeddable":true,"href":"https:\/\/edinoa.hr\/index.php\/wp-json\/wp\/v2\/pages\/148"}],"wp:attachment":[{"href":"https:\/\/edinoa.hr\/index.php\/wp-json\/wp\/v2\/media?parent=291"}],"curies":[{"name":"wp","href":"https:\/\/api.w.org\/{rel}","templated":true}]}}