{"id":145,"date":"2024-03-26T11:23:11","date_gmt":"2024-03-26T11:23:11","guid":{"rendered":"https:\/\/edinoa.hr\/?page_id=145"},"modified":"2024-04-09T08:04:17","modified_gmt":"2024-04-09T08:04:17","slug":"o-nama","status":"publish","type":"page","link":"https:\/\/edinoa.hr\/index.php\/o-nama\/","title":{"rendered":"O na\u0161em salonu i uslugama"},"content":{"rendered":"\n<div class=\"wp-block-columns is-layout-flex wp-container-core-columns-is-layout-28f84493 wp-block-columns-is-layout-flex\">\n<div class=\"wp-block-column is-layout-flow wp-block-column-is-layout-flow\"><\/div>\n<\/div>\n\n\n\n<div class=\"wp-block-group alignfull has-global-padding is-content-justification-left is-layout-constrained wp-container-core-group-is-layout-12dd3699 wp-block-group-is-layout-constrained\">\n<div class=\"wp-block-group has-global-padding is-layout-constrained wp-block-group-is-layout-constrained\">\n<div class=\"wp-block-columns is-layout-flex wp-container-core-columns-is-layout-28f84493 wp-block-columns-is-layout-flex\">\n<div class=\"wp-block-column is-layout-flow wp-block-column-is-layout-flow\" style=\"flex-basis:100%\">\n<div class=\"wp-block-cover alignfull is-light\"><span aria-hidden=\"true\" class=\"wp-block-cover__background has-contrast-light-background-color has-background-dim\"><\/span><div class=\"wp-block-cover__inner-container is-layout-flow wp-block-cover-is-layout-flow\">\n<section class=\"wp-block-group alignfull has-contrast-light-background-color has-background has-global-padding is-content-justification-right is-layout-constrained wp-container-core-group-is-layout-0e65b1d0 wp-block-group-is-layout-constrained\" style=\"padding-top:var(--wp--preset--spacing--superbspacing-xxlarge);padding-right:var(--wp--preset--spacing--superbspacing-small);padding-bottom:var(--wp--preset--spacing--superbspacing-xxlarge);padding-left:var(--wp--preset--spacing--superbspacing-small)\">\n<div class=\"wp-block-columns alignwide is-layout-flex wp-container-core-columns-is-layout-83cf590f wp-block-columns-is-layout-flex\">\n<div class=\"wp-block-column is-vertically-aligned-center is-layout-flow wp-container-core-column-is-layout-30be4402 wp-block-column-is-layout-flow\">\n<h3 class=\"wp-block-heading has-text-align-left has-text-color has-link-color has-yu-gothic-ui-ligh-font-family has-superbfont-medium-font-size wp-elements-1fba529cef799dfe446045af78c89cc1\" style=\"color:#a67c6c;margin-top:var(--wp--preset--spacing--superbspacing-small);margin-bottom:var(--wp--preset--spacing--superbspacing-small)\">Upoznajte Ivanu, majstor kozmeti\u010dara i vlasnicu EDINOA salona za depilaciju i edukaciju. Ima bogato iskustvo od 15 godina u radu s tretmanima depilacije, \u0161to uklju\u010duje 11 godina rada u Wellness &amp; Spa centrima diljem Hrvatske i inozemstva, te posljednjih 5 godina posve\u0107enih proizvodnji vlastite \u0161e\u0107erne paste. Svojom stru\u010dno\u0161\u0107u i predano\u0161\u0107u, Ivanina misija je pru\u017eiti vrhunske usluge i edukaciju kako bi svaka klijentica do\u017eivjela najbolje iskustvo u na\u0161em salonu.<\/h3>\n\n\n\n<div class=\"wp-block-group is-vertical is-content-justification-left is-layout-flex wp-container-core-group-is-layout-2290e706 wp-block-group-is-layout-flex\">\n<h2 class=\"wp-block-heading has-text-align-center has-text-color has-yu-gothic-ui-ligh-font-family has-superbfont-small-font-size\" style=\"color:#a47c6c\">Ivana \u0160imi\u0107<\/h2>\n\n\n\n<p class=\"has-text-align-center has-text-color has-yu-gothic-ui-ligh-font-family has-superbfont-small-font-size\" style=\"color:#6d4936\">Vlasnica, majstor kozmeti\u010dar<\/p>\n<\/div>\n<\/div>\n\n\n\n<div class=\"wp-block-column is-vertically-aligned-center is-layout-flow wp-container-core-column-is-layout-40a2a7e8 wp-block-column-is-layout-flow\" style=\"padding-right:0;padding-bottom:0;padding-left:0\">\n<figure class=\"wp-block-image size-large is-resized has-custom-border\"><img loading=\"lazy\" decoding=\"async\" width=\"731\" height=\"1024\" src=\"https:\/\/edinoa.hr\/wp-content\/uploads\/2024\/03\/EDINOA_AM-12-731x1024.jpg\" alt=\"\" class=\"wp-image-17\" style=\"border-radius:20px;width:425px;height:auto\" srcset=\"https:\/\/edinoa.hr\/wp-content\/uploads\/2024\/03\/EDINOA_AM-12-731x1024.jpg 731w, https:\/\/edinoa.hr\/wp-content\/uploads\/2024\/03\/EDINOA_AM-12-scaled-600x840.jpg 600w, https:\/\/edinoa.hr\/wp-content\/uploads\/2024\/03\/EDINOA_AM-12-214x300.jpg 214w, https:\/\/edinoa.hr\/wp-content\/uploads\/2024\/03\/EDINOA_AM-12-768x1075.jpg 768w, https:\/\/edinoa.hr\/wp-content\/uploads\/2024\/03\/EDINOA_AM-12-1097x1536.jpg 1097w, https:\/\/edinoa.hr\/wp-content\/uploads\/2024\/03\/EDINOA_AM-12-1463x2048.jpg 1463w, https:\/\/edinoa.hr\/wp-content\/uploads\/2024\/03\/EDINOA_AM-12-scaled.jpg 1829w\" sizes=\"auto, (max-width: 731px) 100vw, 731px\" \/><\/figure>\n<\/div>\n<\/div>\n<\/section>\n<\/div><\/div>\n<\/div>\n<\/div>\n<\/div>\n<\/div>\n\n\n\n<div class=\"wp-block-columns is-layout-flex wp-container-core-columns-is-layout-28f84493 wp-block-columns-is-layout-flex\">\n<div class=\"wp-block-column is-layout-flow wp-block-column-is-layout-flow\">\n<div class=\"wp-block-columns is-layout-flex wp-container-core-columns-is-layout-28f84493 wp-block-columns-is-layout-flex\">\n<div class=\"wp-block-column is-layout-flow wp-block-column-is-layout-flow\"><\/div>\n<\/div>\n<\/div>\n<\/div>\n\n\n\n<div class=\"wp-block-columns is-layout-flex wp-container-core-columns-is-layout-28f84493 wp-block-columns-is-layout-flex\">\n<div class=\"wp-block-column is-layout-flow wp-block-column-is-layout-flow\"><\/div>\n<\/div>\n\n\n\n<div class=\"alignnormal\"><div id=\"metaslider-id-456\" style=\"width: 100%; margin: 0 auto;\" class=\"ml-slider-3-103-0 metaslider metaslider-flex metaslider-456 ml-slider has-dots-nav has-carousel-mode ms-theme-outline\" role=\"region\" aria-label=\"New Slideshow\" data-height=\"600\" data-width=\"600\">\n    <div id=\"metaslider_container_456\">\n        <div id=\"metaslider_456\">\n            <ul class='slides'>\n                <li style=\"display: none; width: 100%;\" class=\"slide-458 ms-image \" aria-roledescription=\"slide\" data-date=\"2024-04-02 15:05:05\" data-slide-type=\"image\"><img loading=\"lazy\" decoding=\"async\" src=\"https:\/\/edinoa.hr\/wp-content\/uploads\/2024\/04\/LOGO-1-1.jpg\" height=\"600\" width=\"600\" alt=\"\" class=\"slider-456 slide-458 msDefaultImage\" title=\"LOGO-1-1\" \/><\/li>\n                <li style=\"display: none; width: 100%;\" class=\"slide-675 ms-image \" aria-roledescription=\"slide\" data-date=\"2024-05-13 16:56:04\" data-slide-type=\"image\"><img loading=\"lazy\" decoding=\"async\" src=\"https:\/\/edinoa.hr\/wp-content\/uploads\/2024\/05\/slika-web4-600x600.jpg\" height=\"600\" width=\"600\" alt=\"\" class=\"slider-456 slide-675 msDefaultImage\" title=\"slika web4\" \/><\/li>\n                <li style=\"display: none; width: 100%;\" class=\"slide-677 ms-image \" aria-roledescription=\"slide\" data-date=\"2024-05-13 16:56:09\" data-slide-type=\"image\"><img loading=\"lazy\" decoding=\"async\" src=\"https:\/\/edinoa.hr\/wp-content\/uploads\/2024\/05\/Screenshot_20240511_143057_Instagram-600x600.jpg\" height=\"600\" width=\"600\" alt=\"\" class=\"slider-456 slide-677 msDefaultImage\" title=\"Screenshot_20240511_143057_Instagram\" \/><\/li>\n                <li style=\"display: none; width: 100%;\" class=\"slide-678 ms-image \" aria-roledescription=\"slide\" data-date=\"2024-05-13 16:56:12\" data-slide-type=\"image\"><img loading=\"lazy\" decoding=\"async\" src=\"https:\/\/edinoa.hr\/wp-content\/uploads\/2024\/05\/Reviews-600x600.png\" height=\"600\" width=\"600\" alt=\"\" class=\"slider-456 slide-678 msDefaultImage\" title=\"Reviews\" \/><\/li>\n                <li style=\"display: none; width: 100%;\" class=\"slide-679 ms-image \" aria-roledescription=\"slide\" data-date=\"2024-05-13 16:56:16\" data-slide-type=\"image\"><img loading=\"lazy\" decoding=\"async\" src=\"https:\/\/edinoa.hr\/wp-content\/uploads\/2024\/05\/edinoa-slika-web2-600x600.jpg\" height=\"600\" width=\"600\" alt=\"\" class=\"slider-456 slide-679 msDefaultImage\" title=\"edinoa slika web2\" \/><\/li>\n                <li style=\"display: none; width: 100%;\" class=\"slide-680 ms-image \" aria-roledescription=\"slide\" data-date=\"2024-05-13 16:56:20\" data-slide-type=\"image\"><img loading=\"lazy\" decoding=\"async\" src=\"https:\/\/edinoa.hr\/wp-content\/uploads\/2024\/05\/edinoa-slika-web1-600x600.jpg\" height=\"600\" width=\"600\" alt=\"\" class=\"slider-456 slide-680 msDefaultImage\" title=\"edinoa slika web1\" \/><\/li>\n                <li style=\"display: none; width: 100%;\" class=\"slide-682 ms-image \" aria-roledescription=\"slide\" data-date=\"2024-05-13 16:56:29\" data-slide-type=\"image\"><img loading=\"lazy\" decoding=\"async\" src=\"https:\/\/edinoa.hr\/wp-content\/uploads\/2024\/05\/1-600x600.png\" height=\"600\" width=\"600\" alt=\"\" class=\"slider-456 slide-682 msDefaultImage\" title=\"1\" \/><\/li>\n                <li style=\"display: none; width: 100%;\" class=\"slide-753 ms-image \" aria-roledescription=\"slide\" data-date=\"2024-05-15 07:48:57\" data-slide-type=\"image\"><img loading=\"lazy\" decoding=\"async\" src=\"https:\/\/edinoa.hr\/wp-content\/uploads\/2024\/05\/DSC_0566-scaled-600x600.jpg\" height=\"600\" width=\"600\" alt=\"\" class=\"slider-456 slide-753 msDefaultImage\" title=\"DSC_0566\" \/><\/li>\n                <li style=\"display: none; width: 100%;\" class=\"slide-850 ms-image \" aria-roledescription=\"slide\" data-date=\"2024-05-16 09:10:09\" data-slide-type=\"image\"><img loading=\"lazy\" decoding=\"async\" src=\"https:\/\/edinoa.hr\/wp-content\/uploads\/2024\/05\/Screenshot_20240511_143019_Instagram-600x600.jpg\" height=\"600\" width=\"600\" alt=\"\" class=\"slider-456 slide-850 msDefaultImage\" title=\"Screenshot_20240511_143019_Instagram\" \/><\/li>\n                <li style=\"display: none; width: 100%;\" class=\"slide-887 ms-image \" aria-roledescription=\"slide\" data-date=\"2024-05-17 10:02:49\" data-slide-type=\"image\"><img loading=\"lazy\" decoding=\"async\" src=\"https:\/\/edinoa.hr\/wp-content\/uploads\/2024\/03\/EDINOA_AM-07-scaled-600x600.jpg\" height=\"600\" width=\"600\" alt=\"\" class=\"slider-456 slide-887 msDefaultImage\" title=\"EDINOA_AM-07\" \/><\/li>\n                <li style=\"display: none; width: 100%;\" class=\"slide-998 ms-image \" aria-roledescription=\"slide\" data-date=\"2025-06-02 09:36:26\" data-slide-type=\"image\"><img loading=\"lazy\" decoding=\"async\" src=\"https:\/\/edinoa.hr\/wp-content\/uploads\/2025\/06\/dsdfsf-600x600.jpeg\" height=\"600\" width=\"600\" alt=\"\" class=\"slider-456 slide-998 msDefaultImage\" title=\"dsdfsf\" \/><\/li>\n                <li style=\"display: none; width: 100%;\" class=\"slide-1000 ms-image \" aria-roledescription=\"slide\" data-date=\"2025-06-02 09:36:37\" data-slide-type=\"image\"><img loading=\"lazy\" decoding=\"async\" src=\"https:\/\/edinoa.hr\/wp-content\/uploads\/2025\/06\/dep-600x600.jpeg\" height=\"600\" width=\"600\" alt=\"\" class=\"slider-456 slide-1000 msDefaultImage\" title=\"dep\" \/><\/li>\n                <li style=\"display: none; width: 100%;\" class=\"slide-1002 ms-image \" aria-roledescription=\"slide\" data-date=\"2025-06-02 09:36:48\" data-slide-type=\"image\"><img loading=\"lazy\" decoding=\"async\" src=\"https:\/\/edinoa.hr\/wp-content\/uploads\/2025\/06\/hg-600x600.jpeg\" height=\"600\" width=\"600\" alt=\"\" class=\"slider-456 slide-1002 msDefaultImage\" title=\"hg\" \/><\/li>\n                <li style=\"display: none; width: 100%;\" class=\"slide-1004 ms-image \" aria-roledescription=\"slide\" data-date=\"2025-06-02 09:36:59\" data-slide-type=\"image\"><img loading=\"lazy\" decoding=\"async\" src=\"https:\/\/edinoa.hr\/wp-content\/uploads\/2025\/12\/pmix1-600x600.jpeg\" height=\"600\" width=\"600\" alt=\"\" class=\"slider-456 slide-1004 msDefaultImage\" title=\"pmix1\" \/><\/li>\n                <li style=\"display: none; width: 100%;\" class=\"slide-1006 ms-image \" aria-roledescription=\"slide\" data-date=\"2025-06-02 09:37:11\" data-slide-type=\"image\"><img loading=\"lazy\" decoding=\"async\" src=\"https:\/\/edinoa.hr\/wp-content\/uploads\/2025\/06\/paz-600x600.jpeg\" height=\"600\" width=\"600\" alt=\"\" class=\"slider-456 slide-1006 msDefaultImage\" title=\"paz\" \/><\/li>\n                <li style=\"display: none; width: 100%;\" class=\"slide-1008 ms-image \" aria-roledescription=\"slide\" data-date=\"2025-06-02 09:37:23\" data-slide-type=\"image\"><img loading=\"lazy\" decoding=\"async\" src=\"https:\/\/edinoa.hr\/wp-content\/uploads\/2025\/06\/poklo-600x600.jpeg\" height=\"600\" width=\"600\" alt=\"\" class=\"slider-456 slide-1008 msDefaultImage\" title=\"poklo\" \/><\/li>\n                <li style=\"display: none; width: 100%;\" class=\"slide-1020 ms-image \" aria-roledescription=\"slide\" data-date=\"2025-06-02 09:57:53\" data-slide-type=\"image\"><img loading=\"lazy\" decoding=\"async\" src=\"https:\/\/edinoa.hr\/wp-content\/uploads\/2026\/04\/Letak-20-600x600.png\" height=\"600\" width=\"600\" alt=\"\" class=\"slider-456 slide-1020 msDefaultImage\" title=\"Letak 20%\" \/><\/li>\n            <\/ul>\n        <\/div>\n        \n    <\/div>\n<\/div><\/div>\n\n\n<h2 class=\"has-text-align-center wp-block-post-title has-superbfont-large-font-size has-yu-gothic-ui-ligh-font-family\">O na\u0161em salonu i uslugama<\/h2>\n\n\n<p class=\"has-text-color has-link-color has-yu-gothic-ui-ligh-font-family has-superbfont-medium-font-size wp-elements-e735f7dcc81f1fee813cc26a26d374ae\" style=\"color:#f6e9df\">U na\u0161em ekskluzivnom salonu posve\u0107enom depilaciji, smatramo depilaciju umjetno\u0161\u0107u, a mi smo majstori svog zanata. Na\u0161a strast i predanost ovom podru\u010dju \u010dine nas pravim autoritetima u tretmanima depilacije. Ovdje, svaki detalj je pa\u017eljivo osmi\u0161ljen kako bismo osigurali da va\u0161e iskustvo bude ne samo u\u010dinkovito, ve\u0107 i ugodno.<\/p>\n\n\n\n<p class=\"has-text-color has-link-color has-yu-gothic-ui-ligh-font-family has-superbfont-medium-font-size wp-elements-a42b0a3cc5349e7e1d01e7dd93bc63ce\" style=\"color:#f6e9df\">Na\u0161 koncept je pro\u017eet sa \u017eeljom da u\u010dinimo Va\u0161 tretman depilacije \u0161to ugodnijim i bezbolnijim. Bez obzira na vrstu tretmana koju odaberete, mo\u017eete biti sigurni da \u0107emo pru\u017eiti profesionalnu uslugu koja nadma\u0161uje va\u0161a o\u010dekivanja.Na\u0161i stru\u010dnjaci su obu\u010deni da osiguraju da se osje\u0107ate udobno i opu\u0161teno tijekom cijelog procesa.<\/p>\n\n\n\n<p class=\"has-text-color has-link-color has-yu-gothic-ui-ligh-font-family has-superbfont-medium-font-size wp-elements-8dd738c9020a9bed7d9b8f48bdba0e2f\" style=\"color:#f6e9df\">Koristimo samo najkvalitetnije materijale u na\u0161em radu, jer va\u0161a ko\u017ea zaslu\u017euje samo najbolje. To uklju\u010duje i na\u0161u posebno formuliranu <strong>100% prirodnu \u0161e\u0107ernu pastu<\/strong> koja nje\u017eno uklanja ne\u017eeljene dla\u010dice, ostavljaju\u0107i ko\u017eu glatkom i njegovanom.<\/p>\n\n\n\n<p class=\"has-text-color has-link-color has-yu-gothic-ui-ligh-font-family has-superbfont-medium-font-size wp-elements-2843c46edbb7c14645dc4110bd5a24e6\" style=\"color:#f6e9df\">Kako bismo izrazili zahvalnost za va\u0161e povjerenje i lojalnost, nudimo <strong>karticu lojalnosti<\/strong> s popustima i posebnim ponudama za na\u0161e stalne klijente. Va\u0161a sre\u0107a i zadovoljstvo su na\u0161a najve\u0107a nagrada, i mi smo tu da osiguramo da se osje\u0107ate cijenjeno i posebno svaki put kad nas posjetite.<\/p>\n","protected":false},"excerpt":{"rendered":"<p>U na\u0161em ekskluzivnom salonu posve\u0107enom depilaciji, smatramo depilaciju umjetno\u0161\u0107u, a mi smo majstori svog zanata. Na\u0161a strast i predanost ovom podru\u010dju \u010dine nas pravim autoritetima u tretmanima depilacije. Ovdje, svaki detalj je pa\u017eljivo osmi\u0161ljen kako bismo osigurali da va\u0161e iskustvo bude ne samo u\u010dinkovito, ve\u0107 i ugodno. Na\u0161 koncept je pro\u017eet sa \u017eeljom da u\u010dinimo [&hellip;]<\/p>\n","protected":false},"author":1,"featured_media":0,"parent":0,"menu_order":0,"comment_status":"closed","ping_status":"closed","template":"about","meta":{"_glsr_average":0,"_glsr_ranking":0,"_glsr_reviews":0,"footnotes":""},"class_list":["post-145","page","type-page","status-publish","hentry"],"yoast_head":"<!-- This site is optimized with the Yoast SEO plugin v26.5 - https:\/\/yoast.com\/wordpress\/plugins\/seo\/ -->\n<title>O na\u0161em salonu i uslugama - EDINOA<\/title>\n<meta name=\"robots\" content=\"index, follow, max-snippet:-1, max-image-preview:large, max-video-preview:-1\" \/>\n<link rel=\"canonical\" href=\"https:\/\/edinoa.hr\/index.php\/o-nama\/\" \/>\n<meta property=\"og:locale\" content=\"hr_HR\" \/>\n<meta property=\"og:type\" content=\"article\" \/>\n<meta property=\"og:title\" content=\"O na\u0161em salonu i uslugama - EDINOA\" \/>\n<meta property=\"og:description\" content=\"U na\u0161em ekskluzivnom salonu posve\u0107enom depilaciji, smatramo depilaciju umjetno\u0161\u0107u, a mi smo majstori svog zanata. Na\u0161a strast i predanost ovom podru\u010dju \u010dine nas pravim autoritetima u tretmanima depilacije. Ovdje, svaki detalj je pa\u017eljivo osmi\u0161ljen kako bismo osigurali da va\u0161e iskustvo bude ne samo u\u010dinkovito, ve\u0107 i ugodno. Na\u0161 koncept je pro\u017eet sa \u017eeljom da u\u010dinimo [&hellip;]\" \/>\n<meta property=\"og:url\" content=\"https:\/\/edinoa.hr\/index.php\/o-nama\/\" \/>\n<meta property=\"og:site_name\" content=\"EDINOA\" \/>\n<meta property=\"article:modified_time\" content=\"2024-04-09T08:04:17+00:00\" \/>\n<meta property=\"og:image\" content=\"https:\/\/edinoa.hr\/wp-content\/uploads\/2024\/03\/EDINOA_AM-12-731x1024.jpg\" \/>\n<meta name=\"twitter:card\" content=\"summary_large_image\" \/>\n<meta name=\"twitter:label1\" content=\"Procijenjeno vrijeme \u010ditanja\" \/>\n\t<meta name=\"twitter:data1\" content=\"1 minuta\" \/>\n<script type=\"application\/ld+json\" class=\"yoast-schema-graph\">{\"@context\":\"https:\/\/schema.org\",\"@graph\":[{\"@type\":\"WebPage\",\"@id\":\"https:\/\/edinoa.hr\/index.php\/o-nama\/\",\"url\":\"https:\/\/edinoa.hr\/index.php\/o-nama\/\",\"name\":\"O na\u0161em salonu i uslugama - EDINOA\",\"isPartOf\":{\"@id\":\"https:\/\/edinoa.hr\/#website\"},\"primaryImageOfPage\":{\"@id\":\"https:\/\/edinoa.hr\/index.php\/o-nama\/#primaryimage\"},\"image\":{\"@id\":\"https:\/\/edinoa.hr\/index.php\/o-nama\/#primaryimage\"},\"thumbnailUrl\":\"https:\/\/edinoa.hr\/wp-content\/uploads\/2024\/03\/EDINOA_AM-12-731x1024.jpg\",\"datePublished\":\"2024-03-26T11:23:11+00:00\",\"dateModified\":\"2024-04-09T08:04:17+00:00\",\"breadcrumb\":{\"@id\":\"https:\/\/edinoa.hr\/index.php\/o-nama\/#breadcrumb\"},\"inLanguage\":\"hr\",\"potentialAction\":[{\"@type\":\"ReadAction\",\"target\":[\"https:\/\/edinoa.hr\/index.php\/o-nama\/\"]}]},{\"@type\":\"ImageObject\",\"inLanguage\":\"hr\",\"@id\":\"https:\/\/edinoa.hr\/index.php\/o-nama\/#primaryimage\",\"url\":\"https:\/\/edinoa.hr\/wp-content\/uploads\/2024\/03\/EDINOA_AM-12-scaled.jpg\",\"contentUrl\":\"https:\/\/edinoa.hr\/wp-content\/uploads\/2024\/03\/EDINOA_AM-12-scaled.jpg\",\"width\":1829,\"height\":2560},{\"@type\":\"BreadcrumbList\",\"@id\":\"https:\/\/edinoa.hr\/index.php\/o-nama\/#breadcrumb\",\"itemListElement\":[{\"@type\":\"ListItem\",\"position\":1,\"name\":\"Home\",\"item\":\"https:\/\/edinoa.hr\/\"},{\"@type\":\"ListItem\",\"position\":2,\"name\":\"O na\u0161em salonu i uslugama\"}]},{\"@type\":\"WebSite\",\"@id\":\"https:\/\/edinoa.hr\/#website\",\"url\":\"https:\/\/edinoa.hr\/\",\"name\":\"EDINOA\",\"description\":\"Salon za depilaciju i edukaciju\",\"publisher\":{\"@id\":\"https:\/\/edinoa.hr\/#organization\"},\"potentialAction\":[{\"@type\":\"SearchAction\",\"target\":{\"@type\":\"EntryPoint\",\"urlTemplate\":\"https:\/\/edinoa.hr\/?s={search_term_string}\"},\"query-input\":{\"@type\":\"PropertyValueSpecification\",\"valueRequired\":true,\"valueName\":\"search_term_string\"}}],\"inLanguage\":\"hr\"},{\"@type\":\"Organization\",\"@id\":\"https:\/\/edinoa.hr\/#organization\",\"name\":\"EDINOA\",\"url\":\"https:\/\/edinoa.hr\/\",\"logo\":{\"@type\":\"ImageObject\",\"inLanguage\":\"hr\",\"@id\":\"https:\/\/edinoa.hr\/#\/schema\/logo\/image\/\",\"url\":\"https:\/\/edinoa.hr\/wp-content\/uploads\/2024\/03\/LOGO_pages-to-jpg-0001-1.jpg\",\"contentUrl\":\"https:\/\/edinoa.hr\/wp-content\/uploads\/2024\/03\/LOGO_pages-to-jpg-0001-1.jpg\",\"width\":782,\"height\":782,\"caption\":\"EDINOA\"},\"image\":{\"@id\":\"https:\/\/edinoa.hr\/#\/schema\/logo\/image\/\"}}]}<\/script>\n<!-- \/ Yoast SEO plugin. -->","yoast_head_json":{"title":"O na\u0161em salonu i uslugama - EDINOA","robots":{"index":"index","follow":"follow","max-snippet":"max-snippet:-1","max-image-preview":"max-image-preview:large","max-video-preview":"max-video-preview:-1"},"canonical":"https:\/\/edinoa.hr\/index.php\/o-nama\/","og_locale":"hr_HR","og_type":"article","og_title":"O na\u0161em salonu i uslugama - EDINOA","og_description":"U na\u0161em ekskluzivnom salonu posve\u0107enom depilaciji, smatramo depilaciju umjetno\u0161\u0107u, a mi smo majstori svog zanata. Na\u0161a strast i predanost ovom podru\u010dju \u010dine nas pravim autoritetima u tretmanima depilacije. Ovdje, svaki detalj je pa\u017eljivo osmi\u0161ljen kako bismo osigurali da va\u0161e iskustvo bude ne samo u\u010dinkovito, ve\u0107 i ugodno. Na\u0161 koncept je pro\u017eet sa \u017eeljom da u\u010dinimo [&hellip;]","og_url":"https:\/\/edinoa.hr\/index.php\/o-nama\/","og_site_name":"EDINOA","article_modified_time":"2024-04-09T08:04:17+00:00","og_image":[{"url":"https:\/\/edinoa.hr\/wp-content\/uploads\/2024\/03\/EDINOA_AM-12-731x1024.jpg","type":"","width":"","height":""}],"twitter_card":"summary_large_image","twitter_misc":{"Procijenjeno vrijeme \u010ditanja":"1 minuta"},"schema":{"@context":"https:\/\/schema.org","@graph":[{"@type":"WebPage","@id":"https:\/\/edinoa.hr\/index.php\/o-nama\/","url":"https:\/\/edinoa.hr\/index.php\/o-nama\/","name":"O na\u0161em salonu i uslugama - EDINOA","isPartOf":{"@id":"https:\/\/edinoa.hr\/#website"},"primaryImageOfPage":{"@id":"https:\/\/edinoa.hr\/index.php\/o-nama\/#primaryimage"},"image":{"@id":"https:\/\/edinoa.hr\/index.php\/o-nama\/#primaryimage"},"thumbnailUrl":"https:\/\/edinoa.hr\/wp-content\/uploads\/2024\/03\/EDINOA_AM-12-731x1024.jpg","datePublished":"2024-03-26T11:23:11+00:00","dateModified":"2024-04-09T08:04:17+00:00","breadcrumb":{"@id":"https:\/\/edinoa.hr\/index.php\/o-nama\/#breadcrumb"},"inLanguage":"hr","potentialAction":[{"@type":"ReadAction","target":["https:\/\/edinoa.hr\/index.php\/o-nama\/"]}]},{"@type":"ImageObject","inLanguage":"hr","@id":"https:\/\/edinoa.hr\/index.php\/o-nama\/#primaryimage","url":"https:\/\/edinoa.hr\/wp-content\/uploads\/2024\/03\/EDINOA_AM-12-scaled.jpg","contentUrl":"https:\/\/edinoa.hr\/wp-content\/uploads\/2024\/03\/EDINOA_AM-12-scaled.jpg","width":1829,"height":2560},{"@type":"BreadcrumbList","@id":"https:\/\/edinoa.hr\/index.php\/o-nama\/#breadcrumb","itemListElement":[{"@type":"ListItem","position":1,"name":"Home","item":"https:\/\/edinoa.hr\/"},{"@type":"ListItem","position":2,"name":"O na\u0161em salonu i uslugama"}]},{"@type":"WebSite","@id":"https:\/\/edinoa.hr\/#website","url":"https:\/\/edinoa.hr\/","name":"EDINOA","description":"Salon za depilaciju i edukaciju","publisher":{"@id":"https:\/\/edinoa.hr\/#organization"},"potentialAction":[{"@type":"SearchAction","target":{"@type":"EntryPoint","urlTemplate":"https:\/\/edinoa.hr\/?s={search_term_string}"},"query-input":{"@type":"PropertyValueSpecification","valueRequired":true,"valueName":"search_term_string"}}],"inLanguage":"hr"},{"@type":"Organization","@id":"https:\/\/edinoa.hr\/#organization","name":"EDINOA","url":"https:\/\/edinoa.hr\/","logo":{"@type":"ImageObject","inLanguage":"hr","@id":"https:\/\/edinoa.hr\/#\/schema\/logo\/image\/","url":"https:\/\/edinoa.hr\/wp-content\/uploads\/2024\/03\/LOGO_pages-to-jpg-0001-1.jpg","contentUrl":"https:\/\/edinoa.hr\/wp-content\/uploads\/2024\/03\/LOGO_pages-to-jpg-0001-1.jpg","width":782,"height":782,"caption":"EDINOA"},"image":{"@id":"https:\/\/edinoa.hr\/#\/schema\/logo\/image\/"}}]}},"_links":{"self":[{"href":"https:\/\/edinoa.hr\/index.php\/wp-json\/wp\/v2\/pages\/145","targetHints":{"allow":["GET"]}}],"collection":[{"href":"https:\/\/edinoa.hr\/index.php\/wp-json\/wp\/v2\/pages"}],"about":[{"href":"https:\/\/edinoa.hr\/index.php\/wp-json\/wp\/v2\/types\/page"}],"author":[{"embeddable":true,"href":"https:\/\/edinoa.hr\/index.php\/wp-json\/wp\/v2\/users\/1"}],"replies":[{"embeddable":true,"href":"https:\/\/edinoa.hr\/index.php\/wp-json\/wp\/v2\/comments?post=145"}],"version-history":[{"count":39,"href":"https:\/\/edinoa.hr\/index.php\/wp-json\/wp\/v2\/pages\/145\/revisions"}],"predecessor-version":[{"id":563,"href":"https:\/\/edinoa.hr\/index.php\/wp-json\/wp\/v2\/pages\/145\/revisions\/563"}],"wp:attachment":[{"href":"https:\/\/edinoa.hr\/index.php\/wp-json\/wp\/v2\/media?parent=145"}],"curies":[{"name":"wp","href":"https:\/\/api.w.org\/{rel}","templated":true}]}}